{"id":11641,"date":"2024-04-22T11:45:25","date_gmt":"2024-04-22T11:45:25","guid":{"rendered":"https:\/\/difrenos.com\/?post_type=product&#038;p=11641"},"modified":"2026-02-18T12:31:31","modified_gmt":"2026-02-18T12:31:31","slug":"guantes-moore-new-mesh","status":"publish","type":"product","link":"https:\/\/difrenos.com\/index.php\/producto\/guantes-moore-new-mesh\/","title":{"rendered":"Guantes Moore New Mesh Mr"},"content":{"rendered":"<p>Referencias:<br \/>\nMR309NS Talla S<br \/>\nMR309NM Talla M<br \/>\nMR309NL Talla L<\/p>\n<ul>\n<li>Guantes para ciudad y carretera fabricado en piel bovina<\/li>\n<li>Forro extrafino<\/li>\n<li>Zona de dedos compatible con pantalla t\u00e1ctil<\/li>\n<li>Protecciones de nudillos con absorci\u00f3n de impactos<\/li>\n<li>Ajuste con velcro en la mu\u00f1eca<\/li>\n<li>Homologados<\/li>\n<\/ul>\n<p>&nbsp;<\/p>\n","protected":false},"excerpt":{"rendered":"<p>Referencias: MR309NS Talla S MR309NM Talla M MR309NL Talla L Guantes para ciudad y carretera fabricado en piel bovina Forro extrafino Zona de dedos compatible con pantalla t\u00e1ctil Protecciones de nudillos con absorci\u00f3n de impactos Ajuste con velcro en la mu\u00f1eca Homologados &nbsp;<\/p>\n","protected":false},"featured_media":11642,"template":"","meta":{"_et_pb_use_builder":"","_et_pb_old_content":"","_et_gb_content_width":""},"product_cat":[33,230,100],"product_tag":[41,782,684],"_links":{"self":[{"href":"https:\/\/difrenos.com\/index.php\/wp-json\/wp\/v2\/product\/11641"}],"collection":[{"href":"https:\/\/difrenos.com\/index.php\/wp-json\/wp\/v2\/product"}],"about":[{"href":"https:\/\/difrenos.com\/index.php\/wp-json\/wp\/v2\/types\/product"}],"wp:featuredmedia":[{"embeddable":true,"href":"https:\/\/difrenos.com\/index.php\/wp-json\/wp\/v2\/media\/11642"}],"wp:attachment":[{"href":"https:\/\/difrenos.com\/index.php\/wp-json\/wp\/v2\/media?parent=11641"}],"wp:term":[{"taxonomy":"product_cat","embeddable":true,"href":"https:\/\/difrenos.com\/index.php\/wp-json\/wp\/v2\/product_cat?post=11641"},{"taxonomy":"product_tag","embeddable":true,"href":"https:\/\/difrenos.com\/index.php\/wp-json\/wp\/v2\/product_tag?post=11641"}],"curies":[{"name":"wp","href":"https:\/\/api.w.org\/{rel}","templated":true}]}}