{"id":11427,"date":"2024-04-12T13:21:43","date_gmt":"2024-04-12T13:21:43","guid":{"rendered":"https:\/\/difrenos.com\/?post_type=product&#038;p=11427"},"modified":"2026-02-03T11:52:52","modified_gmt":"2026-02-03T11:52:52","slug":"camiseta-husqvarna-authentic-melange","status":"publish","type":"product","link":"https:\/\/difrenos.com\/index.php\/producto\/camiseta-husqvarna-authentic-melange\/","title":{"rendered":"Camiseta Husqvarna manga corta Authentic"},"content":{"rendered":"<p>Referencias:<br \/>\n3HS220027801 Talla XS<br \/>\n3HS220027802 Talla S<\/p>\n<ul>\n<li>Ajuste estrecho<\/li>\n<li>Mangas ragl\u00e1n<\/li>\n<li>Sensaci\u00f3n t\u00e1ctil natural<\/li>\n<li>100 % algod\u00f3n<\/li>\n<\/ul>\n","protected":false},"excerpt":{"rendered":"<p>Referencias: 3HS220027801 Talla XS 3HS220027802 Talla S Ajuste estrecho Mangas ragl\u00e1n Sensaci\u00f3n t\u00e1ctil natural 100 % algod\u00f3n<\/p>\n","protected":false},"featured_media":11429,"template":"","meta":{"_et_pb_use_builder":"","_et_pb_old_content":"","_et_gb_content_width":""},"product_cat":[33,755,37,49,701],"product_tag":[48,108],"_links":{"self":[{"href":"https:\/\/difrenos.com\/index.php\/wp-json\/wp\/v2\/product\/11427"}],"collection":[{"href":"https:\/\/difrenos.com\/index.php\/wp-json\/wp\/v2\/product"}],"about":[{"href":"https:\/\/difrenos.com\/index.php\/wp-json\/wp\/v2\/types\/product"}],"wp:featuredmedia":[{"embeddable":true,"href":"https:\/\/difrenos.com\/index.php\/wp-json\/wp\/v2\/media\/11429"}],"wp:attachment":[{"href":"https:\/\/difrenos.com\/index.php\/wp-json\/wp\/v2\/media?parent=11427"}],"wp:term":[{"taxonomy":"product_cat","embeddable":true,"href":"https:\/\/difrenos.com\/index.php\/wp-json\/wp\/v2\/product_cat?post=11427"},{"taxonomy":"product_tag","embeddable":true,"href":"https:\/\/difrenos.com\/index.php\/wp-json\/wp\/v2\/product_tag?post=11427"}],"curies":[{"name":"wp","href":"https:\/\/api.w.org\/{rel}","templated":true}]}}