{"id":11344,"date":"2024-04-10T12:46:42","date_gmt":"2024-04-10T12:46:42","guid":{"rendered":"https:\/\/difrenos.com\/?post_type=product&#038;p=11344"},"modified":"2025-11-21T12:14:18","modified_gmt":"2025-11-21T12:14:18","slug":"polo-gas-gas-tld-xxl","status":"publish","type":"product","link":"https:\/\/difrenos.com\/index.php\/producto\/polo-gas-gas-tld-xxl\/","title":{"rendered":"Polo Gas Gas TLD Team Pit"},"content":{"rendered":"<p>Referencia: 3GG220051006 Talla XXL<\/p>\n<p>&#8211; Material funcional de alta calidad<br \/>\n&#8211; Cuello cl\u00e1sico de polo<br \/>\n&#8211; Dise\u00f1o exclusivo de TLD para GASGAS<br \/>\n&#8211; 100 % poli\u00e9ster<\/p>\n","protected":false},"excerpt":{"rendered":"<p>Referencia: 3GG220051006 Talla XXL &#8211; Material funcional de alta calidad &#8211; Cuello cl\u00e1sico de polo &#8211; Dise\u00f1o exclusivo de TLD para GASGAS &#8211; 100 % poli\u00e9ster<\/p>\n","protected":false},"featured_media":11349,"template":"","meta":{"_et_pb_use_builder":"","_et_pb_old_content":"","_et_gb_content_width":""},"product_cat":[33,768,707],"product_tag":[48,82,765],"_links":{"self":[{"href":"https:\/\/difrenos.com\/index.php\/wp-json\/wp\/v2\/product\/11344"}],"collection":[{"href":"https:\/\/difrenos.com\/index.php\/wp-json\/wp\/v2\/product"}],"about":[{"href":"https:\/\/difrenos.com\/index.php\/wp-json\/wp\/v2\/types\/product"}],"wp:featuredmedia":[{"embeddable":true,"href":"https:\/\/difrenos.com\/index.php\/wp-json\/wp\/v2\/media\/11349"}],"wp:attachment":[{"href":"https:\/\/difrenos.com\/index.php\/wp-json\/wp\/v2\/media?parent=11344"}],"wp:term":[{"taxonomy":"product_cat","embeddable":true,"href":"https:\/\/difrenos.com\/index.php\/wp-json\/wp\/v2\/product_cat?post=11344"},{"taxonomy":"product_tag","embeddable":true,"href":"https:\/\/difrenos.com\/index.php\/wp-json\/wp\/v2\/product_tag?post=11344"}],"curies":[{"name":"wp","href":"https:\/\/api.w.org\/{rel}","templated":true}]}}