{"id":11232,"date":"2024-04-03T10:36:03","date_gmt":"2024-04-03T10:36:03","guid":{"rendered":"https:\/\/difrenos.com\/?post_type=product&#038;p=11232"},"modified":"2026-02-18T14:12:23","modified_gmt":"2026-02-18T14:12:23","slug":"guantes-adulto-off-road-shiro-mx-01-talla-xxl","status":"publish","type":"product","link":"https:\/\/difrenos.com\/index.php\/producto\/guantes-adulto-off-road-shiro-mx-01-talla-xxl\/","title":{"rendered":"Guantes Shiro MX-01"},"content":{"rendered":"<p>Referencia 0488<\/p>\n<p>Guante de dise\u00f1o ligero y ventilado para racing off road. \u00b7 Dotados de simplicidad, seguridad y comodidad. \u00b7 Fabricado con materiales el\u00e1sticos de Lycra para mayor flexibilidad, proporcionando una sensaci\u00f3n ultra-ligera. \u00b7 Protecciones de goma en dedos y dorso. \u00b7 Palma ergon\u00f3mica, realizada en cuero sint\u00e9tico de larga duraci\u00f3n para un perfecto agarre y con acolchado interior para reducir fatiga. \u00b7 Ligero material entre los dedos que aporta flujo de aire para condiciones de calor. \u00b7 Contorno de la mu\u00f1eca el\u00e1stico y cierre fabricado en goma con Velcro.<\/p>\n","protected":false},"excerpt":{"rendered":"<p>Talla XXL.<\/p>\n","protected":false},"featured_media":11234,"template":"","meta":{"_et_pb_use_builder":"","_et_pb_old_content":"","_et_gb_content_width":""},"product_cat":[33,255,100],"product_tag":[142,184,195],"_links":{"self":[{"href":"https:\/\/difrenos.com\/index.php\/wp-json\/wp\/v2\/product\/11232"}],"collection":[{"href":"https:\/\/difrenos.com\/index.php\/wp-json\/wp\/v2\/product"}],"about":[{"href":"https:\/\/difrenos.com\/index.php\/wp-json\/wp\/v2\/types\/product"}],"wp:featuredmedia":[{"embeddable":true,"href":"https:\/\/difrenos.com\/index.php\/wp-json\/wp\/v2\/media\/11234"}],"wp:attachment":[{"href":"https:\/\/difrenos.com\/index.php\/wp-json\/wp\/v2\/media?parent=11232"}],"wp:term":[{"taxonomy":"product_cat","embeddable":true,"href":"https:\/\/difrenos.com\/index.php\/wp-json\/wp\/v2\/product_cat?post=11232"},{"taxonomy":"product_tag","embeddable":true,"href":"https:\/\/difrenos.com\/index.php\/wp-json\/wp\/v2\/product_tag?post=11232"}],"curies":[{"name":"wp","href":"https:\/\/api.w.org\/{rel}","templated":true}]}}