{"id":11109,"date":"2024-03-19T14:20:42","date_gmt":"2024-03-19T14:20:42","guid":{"rendered":"https:\/\/difrenos.com\/?post_type=product&#038;p=11109"},"modified":"2026-02-02T13:02:23","modified_gmt":"2026-02-02T13:02:23","slug":"guantes-hebo-montesa-team","status":"publish","type":"product","link":"https:\/\/difrenos.com\/index.php\/producto\/guantes-hebo-montesa-team\/","title":{"rendered":"Guantes Hebo Montesa Team"},"content":{"rendered":"<p>Referencia: HE1154SM Talla S<\/p>\n<ul class=\"squareUl\">\n<li type=\"\">Confeccionados con tejido de nylon el\u00e1stico muy resistente.<\/li>\n<li type=\"\">Palma de la mano realizada en Nanofront, tejido de alta resistencia que ofrece un excelente agarre tanto en condiciones secas como en condiciones de lluvia, proporcionando al mismo tiempo el tacto necesario.<\/li>\n<li type=\"\">Logotipo Hebo en el dedo \u00edndice.<\/li>\n<li type=\"\">Banda el\u00e1stica en la mu\u00f1eca con cierre de Velcro con goma microinyectada.<\/li>\n<\/ul>\n","protected":false},"excerpt":{"rendered":"<p>Referencia: HE1154SM Talla S Confeccionados con tejido de nylon el\u00e1stico muy resistente. Palma de la mano realizada en Nanofront, tejido de alta resistencia que ofrece un excelente agarre tanto en condiciones secas como en condiciones de lluvia, proporcionando al mismo tiempo el tacto necesario. Logotipo Hebo en el dedo \u00edndice. Banda el\u00e1stica en la mu\u00f1eca [&hellip;]<\/p>\n","protected":false},"featured_media":11111,"template":"","meta":{"_et_pb_use_builder":"","_et_pb_old_content":"","_et_gb_content_width":""},"product_cat":[33,100,711,363,204],"product_tag":[105,345,645],"_links":{"self":[{"href":"https:\/\/difrenos.com\/index.php\/wp-json\/wp\/v2\/product\/11109"}],"collection":[{"href":"https:\/\/difrenos.com\/index.php\/wp-json\/wp\/v2\/product"}],"about":[{"href":"https:\/\/difrenos.com\/index.php\/wp-json\/wp\/v2\/types\/product"}],"wp:featuredmedia":[{"embeddable":true,"href":"https:\/\/difrenos.com\/index.php\/wp-json\/wp\/v2\/media\/11111"}],"wp:attachment":[{"href":"https:\/\/difrenos.com\/index.php\/wp-json\/wp\/v2\/media?parent=11109"}],"wp:term":[{"taxonomy":"product_cat","embeddable":true,"href":"https:\/\/difrenos.com\/index.php\/wp-json\/wp\/v2\/product_cat?post=11109"},{"taxonomy":"product_tag","embeddable":true,"href":"https:\/\/difrenos.com\/index.php\/wp-json\/wp\/v2\/product_tag?post=11109"}],"curies":[{"name":"wp","href":"https:\/\/api.w.org\/{rel}","templated":true}]}}