{"id":11098,"date":"2024-03-19T13:28:07","date_gmt":"2024-03-19T13:28:07","guid":{"rendered":"https:\/\/difrenos.com\/?post_type=product&#038;p=11098"},"modified":"2026-04-23T12:43:11","modified_gmt":"2026-04-23T12:43:11","slug":"guantes-hebo-scratch-ii","status":"publish","type":"product","link":"https:\/\/difrenos.com\/index.php\/producto\/guantes-hebo-scratch-ii\/","title":{"rendered":"Guantes Hebo Scratch II Rojo Enduro"},"content":{"rendered":"<p>Referencias:<br \/>\nHE1242XSR Talla XS<br \/>\nHE1142SR Talla S<\/p>\n<p>Los guantes MX Enduro Scratch II permiten mantener la temperatura corporal incluso en las condiciones m\u00e1s extremas. Incluyen un refuerzo de Clarino en el dedo pulgar. La palma entera est\u00e1 construida en Nanofront, un poli\u00e9ster de nano fibras muy ligero, pero que cuenta con propiedades adherentes y ejerce de barrera t\u00e9rmica. El exterior de estos guantes tambi\u00e9n es de poli\u00e9ster, un material resistente e impermeable que impide que el fr\u00edo y la humedad penetren en la mano y causen incomodidad y entumecimiento. Con estos guantes se puede mantener en todo momento el control del manillar, ya que facilitan que la mano conserve toda su sensibilidad.<\/p>\n","protected":false},"excerpt":{"rendered":"<p>Referencias: HE1242XSR Talla XS HE1142SR Talla S Los guantes MX Enduro Scratch II permiten mantener la temperatura corporal incluso en las condiciones m\u00e1s extremas. Incluyen un refuerzo de Clarino en el dedo pulgar. La palma entera est\u00e1 construida en Nanofront, un poli\u00e9ster de nano fibras muy ligero, pero que cuenta con propiedades adherentes y ejerce [&hellip;]<\/p>\n","protected":false},"featured_media":11099,"template":"","meta":{"_et_pb_use_builder":"","_et_pb_old_content":"","_et_gb_content_width":""},"product_cat":[33,255,100,711],"product_tag":[296,105],"_links":{"self":[{"href":"https:\/\/difrenos.com\/index.php\/wp-json\/wp\/v2\/product\/11098"}],"collection":[{"href":"https:\/\/difrenos.com\/index.php\/wp-json\/wp\/v2\/product"}],"about":[{"href":"https:\/\/difrenos.com\/index.php\/wp-json\/wp\/v2\/types\/product"}],"wp:featuredmedia":[{"embeddable":true,"href":"https:\/\/difrenos.com\/index.php\/wp-json\/wp\/v2\/media\/11099"}],"wp:attachment":[{"href":"https:\/\/difrenos.com\/index.php\/wp-json\/wp\/v2\/media?parent=11098"}],"wp:term":[{"taxonomy":"product_cat","embeddable":true,"href":"https:\/\/difrenos.com\/index.php\/wp-json\/wp\/v2\/product_cat?post=11098"},{"taxonomy":"product_tag","embeddable":true,"href":"https:\/\/difrenos.com\/index.php\/wp-json\/wp\/v2\/product_tag?post=11098"}],"curies":[{"name":"wp","href":"https:\/\/api.w.org\/{rel}","templated":true}]}}