{"id":11055,"date":"2024-03-17T15:09:00","date_gmt":"2024-03-17T15:09:00","guid":{"rendered":"https:\/\/difrenos.com\/?post_type=product&#038;p=11055"},"modified":"2026-04-16T13:03:16","modified_gmt":"2026-04-16T13:03:16","slug":"botin-axo-zipper-negro-axo","status":"publish","type":"product","link":"https:\/\/difrenos.com\/index.php\/producto\/botin-axo-zipper-negro-axo\/","title":{"rendered":"Zapatillas Axo Zipper"},"content":{"rendered":"<ul>\n<li>Parte superior de cuero hidrorrepelente<\/li>\n<li>Almohadillas termoformadas ergon\u00f3micas en la zona del tobillo, engranaje de cambio de cuero<\/li>\n<li>Forro transpirable y antial\u00e9rgico con membrana impermeable<\/li>\n<li>Cama de pie anat\u00f3mica, extra\u00edble y antibacteriana<\/li>\n<li>Suela de goma antideslizante<\/li>\n<li>Referencia: 77\/MS2C0013K00<\/li>\n<li>\n<div>\n<div id=\"product-details\" class=\"js-product-details tab-pane fade in \" role=\"tabpanel\" data-product=\"{&quot;id_shop_default&quot;:&quot;1&quot;,&quot;id_manufacturer&quot;:&quot;12&quot;,&quot;id_supplier&quot;:&quot;0&quot;,&quot;reference&quot;:&quot;77\\\/MS2C0013K00&quot;,&quot;is_virtual&quot;:&quot;0&quot;,&quot;delivery_in_stock&quot;:&quot;&quot;,&quot;delivery_out_stock&quot;:&quot;&quot;,&quot;id_category_default&quot;:&quot;29&quot;,&quot;on_sale&quot;:&quot;0&quot;,&quot;online_only&quot;:&quot;0&quot;,&quot;ecotax&quot;:0,&quot;minimal_quantity&quot;:&quot;1&quot;,&quot;low_stock_threshold&quot;:null,&quot;low_stock_alert&quot;:&quot;0&quot;,&quot;price&quot;:&quot;69,95\\u00a0\\u20ac&quot;,&quot;unity&quot;:&quot;&quot;,&quot;unit_price_ratio&quot;:&quot;0.000000&quot;,&quot;additional_shipping_cost&quot;:&quot;0.000000&quot;,&quot;customizable&quot;:&quot;0&quot;,&quot;text_fields&quot;:&quot;0&quot;,&quot;uploadable_files&quot;:&quot;0&quot;,&quot;redirect_type&quot;:&quot;404&quot;,&quot;id_type_redirected&quot;:&quot;0&quot;,&quot;available_for_order&quot;:&quot;1&quot;,&quot;available_date&quot;:null,&quot;show_condition&quot;:&quot;1&quot;,&quot;condition&quot;:&quot;new&quot;,&quot;show_price&quot;:&quot;1&quot;,&quot;indexed&quot;:&quot;1&quot;,&quot;visibility&quot;:&quot;both&quot;,&quot;cache_default_attribute&quot;:&quot;29417&quot;,&quot;advanced_stock_management&quot;:&quot;0&quot;,&quot;date_add&quot;:&quot;2018-07-01 09:00:00&quot;,&quot;date_upd&quot;:&quot;2025-05-07 12:43:13&quot;,&quot;pack_stock_type&quot;:&quot;3&quot;,&quot;meta_description&quot;:&quot;Botines de cuero para moto con parte superior de cuero hidrorrepelente.&quot;,&quot;meta_keywords&quot;:&quot;&quot;,&quot;meta_title&quot;:&quot;BOTIN AXO ZIPPER NEGRO | \\u00a1ENV\\u00cdO GRATIS!&quot;,&quot;link_rewrite&quot;:&quot;botin-axo-zipper-negro&quot;,&quot;name&quot;:&quot;BOTIN AXO ZIPPER NEGRO&quot;,&quot;description&quot;:&quot;&lt;ul&gt;\\n&lt;li&gt;Parte superior de cuero hidrorrepelente&lt;\\\/li&gt;\\n&lt;li&gt;Almohadillas termoformadas ergon\\u00f3micas en la zona del tobillo, engranaje de cambio de cuero&lt;\\\/li&gt;\\n&lt;li&gt;Forro transpirable y antial\\u00e9rgico con membrana impermeable&lt;\\\/li&gt;\\n&lt;li&gt;Cama de pie anat\\u00f3mica, extra\\u00edble y antibacteriana Suela de goma antideslizante&lt;\\\/li&gt;\\n&lt;\\\/ul&gt;&quot;,&quot;description_short&quot;:&quot;&lt;p&gt;Botines de cuero para moto con parte superior de cuero hidrorrepelente.&lt;\\\/p&gt;&quot;,&quot;available_now&quot;:&quot;ENV\\u00cdO EN 24\\\/72 HORAS.&quot;,&quot;available_later&quot;:&quot;ART\\u00cdCULO BAJO PEDIDO AL FABRICANTE, ENV\\u00cdO EN 7 D\\u00cdAS APROX. (SUJETO A LA DISPONIBILIDAD DEL PROVEEDOR). PARA UNA INFORMACI\\u00d3N M\\u00c1S PRECISA PUEDE CONTACTAR AL TLF 952414359 EXT 6 O AL WHATSAPP 648934650.&quot;,&quot;id&quot;:11120,&quot;id_product&quot;:11120,&quot;out_of_stock&quot;:0,&quot;new&quot;:0,&quot;id_product_attribute&quot;:29417,&quot;quantity_wanted&quot;:1,&quot;extraContent&quot;:[],&quot;allow_oosp&quot;:0,&quot;category&quot;:&quot;turismo&quot;,&quot;category_name&quot;:&quot;TURISMO&quot;,&quot;link&quot;:&quot;https:\\\/\\\/www.motosgarrido.com\\\/turismo\\\/11120-botin-axo-zipper-negro.html&quot;,&quot;attribute_price&quot;:0,&quot;price_tax_exc&quot;:57.806748,&quot;price_without_reduction&quot;:84.9057,&quot;reduction&quot;:14.959535,&quot;specific_prices&quot;:{&quot;id_specific_price&quot;:&quot;59765&quot;,&quot;id_specific_price_rule&quot;:&quot;0&quot;,&quot;id_cart&quot;:&quot;0&quot;,&quot;id_product&quot;:&quot;11120&quot;,&quot;id_shop&quot;:&quot;0&quot;,&quot;id_shop_group&quot;:&quot;0&quot;,&quot;id_currency&quot;:&quot;0&quot;,&quot;id_country&quot;:&quot;0&quot;,&quot;id_group&quot;:&quot;0&quot;,&quot;id_customer&quot;:&quot;0&quot;,&quot;id_product_attribute&quot;:&quot;0&quot;,&quot;price&quot;:&quot;-1.000000&quot;,&quot;from_quantity&quot;:&quot;1&quot;,&quot;reduction&quot;:&quot;0.176190&quot;,&quot;reduction_tax&quot;:&quot;1&quot;,&quot;reduction_type&quot;:&quot;percentage&quot;,&quot;from&quot;:&quot;0000-00-00 00:00:00&quot;,&quot;to&quot;:&quot;0000-00-00 00:00:00&quot;,&quot;score&quot;:&quot;32&quot;},&quot;quantity&quot;:1,&quot;quantity_all_versions&quot;:1,&quot;id_image&quot;:&quot;es-default&quot;,&quot;features&quot;:[{&quot;name&quot;:&quot;Estilos&quot;,&quot;value&quot;:&quot;Turismo&quot;,&quot;id_feature&quot;:&quot;6&quot;,&quot;position&quot;:&quot;5&quot;},{&quot;name&quot;:&quot;Marca&quot;,&quot;value&quot;:&quot;Axo&quot;,&quot;id_feature&quot;:&quot;8&quot;,&quot;position&quot;:&quot;7&quot;},{&quot;name&quot;:&quot;Modelo&quot;,&quot;value&quot;:&quot;Zipper&quot;,&quot;id_feature&quot;:&quot;9&quot;,&quot;position&quot;:&quot;8&quot;},{&quot;name&quot;:&quot;Tipo de producto&quot;,&quot;value&quot;:&quot;Bota&quot;,&quot;id_feature&quot;:&quot;21&quot;,&quot;position&quot;:&quot;18&quot;}],&quot;attachments&quot;:[],&quot;virtual&quot;:0,&quot;pack&quot;:0,&quot;packItems&quot;:[],&quot;nopackprice&quot;:0,&quot;customization_required&quot;:false,&quot;attributes&quot;:{&quot;1&quot;:{&quot;id_attribute&quot;:&quot;31&quot;,&quot;id_attribute_group&quot;:&quot;1&quot;,&quot;name&quot;:&quot;44&quot;,&quot;group&quot;:&quot;TALLA&quot;,&quot;reference&quot;:&quot;77\\\/MS2C0013K00&quot;,&quot;ean13&quot;:&quot;&quot;,&quot;isbn&quot;:&quot;&quot;,&quot;upc&quot;:&quot;&quot;,&quot;mpn&quot;:&quot;&quot;}},&quot;rate&quot;:21,&quot;tax_name&quot;:&quot;IVA ES 21%&quot;,&quot;ecotax_rate&quot;:0,&quot;unit_price&quot;:&quot;&quot;,&quot;customizations&quot;:{&quot;fields&quot;:[]},&quot;id_customization&quot;:0,&quot;is_customizable&quot;:false,&quot;show_quantities&quot;:false,&quot;quantity_label&quot;:&quot;Art\\u00edculo&quot;,&quot;quantity_discounts&quot;:[],&quot;customer_group_discount&quot;:0,&quot;images&quot;:[{&quot;bySize&quot;:{&quot;cart_default&quot;:{&quot;url&quot;:&quot;https:\\\/\\\/www.motosgarrido.com\\\/11816-cart_default\\\/botin-axo-zipper-negro.jpg&quot;,&quot;width&quot;:110,&quot;height&quot;:115},&quot;small_default&quot;:{&quot;url&quot;:&quot;https:\\\/\\\/www.motosgarrido.com\\\/11816-small_default\\\/botin-axo-zipper-negro.jpg&quot;,&quot;width&quot;:110,&quot;height&quot;:115},&quot;home_default&quot;:{&quot;url&quot;:&quot;https:\\\/\\\/www.motosgarrido.com\\\/11816-home_default\\\/botin-axo-zipper-negro.jpg&quot;,&quot;width&quot;:340,&quot;height&quot;:356},&quot;medium_default&quot;:{&quot;url&quot;:&quot;https:\\\/\\\/www.motosgarrido.com\\\/11816-medium_default\\\/botin-axo-zipper-negro.jpg&quot;,&quot;width&quot;:452,&quot;height&quot;:474},&quot;large_default&quot;:{&quot;url&quot;:&quot;https:\\\/\\\/www.motosgarrido.com\\\/11816-large_default\\\/botin-axo-zipper-negro.jpg&quot;,&quot;width&quot;:610,&quot;height&quot;:610},&quot;zoom&quot;:{&quot;url&quot;:&quot;https:\\\/\\\/www.motosgarrido.com\\\/11816-zoom\\\/botin-axo-zipper-negro.jpg&quot;,&quot;width&quot;:1500,&quot;height&quot;:1500}},&quot;small&quot;:{&quot;url&quot;:&quot;https:\\\/\\\/www.motosgarrido.com\\\/11816-cart_default\\\/botin-axo-zipper-negro.jpg&quot;,&quot;width&quot;:110,&quot;height&quot;:115},&quot;medium&quot;:{&quot;url&quot;:&quot;https:\\\/\\\/www.motosgarrido.com\\\/11816-medium_default\\\/botin-axo-zipper-negro.jpg&quot;,&quot;width&quot;:452,&quot;height&quot;:474},&quot;large&quot;:{&quot;url&quot;:&quot;https:\\\/\\\/www.motosgarrido.com\\\/11816-zoom\\\/botin-axo-zipper-negro.jpg&quot;,&quot;width&quot;:1500,&quot;height&quot;:1500},&quot;legend&quot;:&quot;BOTIN AXO ZIPPER NEGRO&quot;,&quot;id_image&quot;:&quot;11816&quot;,&quot;cover&quot;:&quot;1&quot;,&quot;position&quot;:&quot;1&quot;,&quot;associatedVariants&quot;:[]}],&quot;cover&quot;:{&quot;bySize&quot;:{&quot;cart_default&quot;:{&quot;url&quot;:&quot;https:\\\/\\\/www.motosgarrido.com\\\/11816-cart_default\\\/botin-axo-zipper-negro.jpg&quot;,&quot;width&quot;:110,&quot;height&quot;:115},&quot;small_default&quot;:{&quot;url&quot;:&quot;https:\\\/\\\/www.motosgarrido.com\\\/11816-small_default\\\/botin-axo-zipper-negro.jpg&quot;,&quot;width&quot;:110,&quot;height&quot;:115},&quot;home_default&quot;:{&quot;url&quot;:&quot;https:\\\/\\\/www.motosgarrido.com\\\/11816-home_default\\\/botin-axo-zipper-negro.jpg&quot;,&quot;width&quot;:340,&quot;height&quot;:356},&quot;medium_default&quot;:{&quot;url&quot;:&quot;https:\\\/\\\/www.motosgarrido.com\\\/11816-medium_default\\\/botin-axo-zipper-negro.jpg&quot;,&quot;width&quot;:452,&quot;height&quot;:474},&quot;large_default&quot;:{&quot;url&quot;:&quot;https:\\\/\\\/www.motosgarrido.com\\\/11816-large_default\\\/botin-axo-zipper-negro.jpg&quot;,&quot;width&quot;:610,&quot;height&quot;:610},&quot;zoom&quot;:{&quot;url&quot;:&quot;https:\\\/\\\/www.motosgarrido.com\\\/11816-zoom\\\/botin-axo-zipper-negro.jpg&quot;,&quot;width&quot;:1500,&quot;height&quot;:1500}},&quot;small&quot;:{&quot;url&quot;:&quot;https:\\\/\\\/www.motosgarrido.com\\\/11816-cart_default\\\/botin-axo-zipper-negro.jpg&quot;,&quot;width&quot;:110,&quot;height&quot;:115},&quot;medium&quot;:{&quot;url&quot;:&quot;https:\\\/\\\/www.motosgarrido.com\\\/11816-medium_default\\\/botin-axo-zipper-negro.jpg&quot;,&quot;width&quot;:452,&quot;height&quot;:474},&quot;large&quot;:{&quot;url&quot;:&quot;https:\\\/\\\/www.motosgarrido.com\\\/11816-zoom\\\/botin-axo-zipper-negro.jpg&quot;,&quot;width&quot;:1500,&quot;height&quot;:1500},&quot;legend&quot;:&quot;BOTIN AXO ZIPPER NEGRO&quot;,&quot;id_image&quot;:&quot;11816&quot;,&quot;cover&quot;:&quot;1&quot;,&quot;position&quot;:&quot;1&quot;,&quot;associatedVariants&quot;:[]},&quot;has_discount&quot;:true,&quot;discount_type&quot;:&quot;percentage&quot;,&quot;discount_percentage&quot;:&quot;-17,62%&quot;,&quot;discount_percentage_absolute&quot;:&quot;17,62%&quot;,&quot;discount_amount&quot;:&quot;14,96\\u00a0\\u20ac&quot;,&quot;discount_amount_to_display&quot;:&quot;-14,96\\u00a0\\u20ac&quot;,&quot;price_amount&quot;:69.95,&quot;unit_price_full&quot;:&quot;&quot;,&quot;show_availability&quot;:true,&quot;availability_date&quot;:null,&quot;availability_message&quot;:&quot;ENV\\u00cdO EN 24\\\/72 HORAS.&quot;,&quot;availability&quot;:&quot;available&quot;}\">\n<div class=\"product-out-of-stock\"><\/div>\n<div class=\"product-condition\"><label class=\"label\">Condici\u00f3n:<\/label>\u00a0Nuevo<\/div>\n<section class=\"product-features\">\n<dl class=\"data-sheet\">\n<dt class=\"name\">Estilos<\/dt>\n<dd class=\"value\">Turismo<\/dd>\n<dt class=\"name\">Marca<\/dt>\n<dd class=\"value\">Axo<\/dd>\n<dt class=\"name\">Modelo<\/dt>\n<dd class=\"value\">Zipper<\/dd>\n<dt class=\"name\">Tipo de producto<\/dt>\n<dd class=\"value\">Bota<\/dd>\n<\/dl>\n<\/section>\n<\/div>\n<\/div>\n<\/li>\n<\/ul>\n","protected":false},"excerpt":{"rendered":"<p>Parte superior de cuero hidrorrepelente Almohadillas termoformadas ergon\u00f3micas en la zona del tobillo, engranaje de cambio de cuero Forro transpirable y antial\u00e9rgico con membrana impermeable Cama de pie anat\u00f3mica, extra\u00edble y antibacteriana Suela de goma antideslizante Referencia: 77\/MS2C0013K00 Condici\u00f3n:\u00a0Nuevo Estilos Turismo Marca Axo Modelo Zipper Tipo de producto Bota<\/p>\n","protected":false},"featured_media":22799,"template":"","meta":{"_et_pb_use_builder":"","_et_pb_old_content":"","_et_gb_content_width":""},"product_cat":[33,34,363,212],"product_tag":[28,315],"_links":{"self":[{"href":"https:\/\/difrenos.com\/index.php\/wp-json\/wp\/v2\/product\/11055"}],"collection":[{"href":"https:\/\/difrenos.com\/index.php\/wp-json\/wp\/v2\/product"}],"about":[{"href":"https:\/\/difrenos.com\/index.php\/wp-json\/wp\/v2\/types\/product"}],"wp:featuredmedia":[{"embeddable":true,"href":"https:\/\/difrenos.com\/index.php\/wp-json\/wp\/v2\/media\/22799"}],"wp:attachment":[{"href":"https:\/\/difrenos.com\/index.php\/wp-json\/wp\/v2\/media?parent=11055"}],"wp:term":[{"taxonomy":"product_cat","embeddable":true,"href":"https:\/\/difrenos.com\/index.php\/wp-json\/wp\/v2\/product_cat?post=11055"},{"taxonomy":"product_tag","embeddable":true,"href":"https:\/\/difrenos.com\/index.php\/wp-json\/wp\/v2\/product_tag?post=11055"}],"curies":[{"name":"wp","href":"https:\/\/api.w.org\/{rel}","templated":true}]}}