{"id":10860,"date":"2024-03-05T10:20:43","date_gmt":"2024-03-05T10:20:43","guid":{"rendered":"https:\/\/difrenos.com\/?post_type=product&#038;p=10860"},"modified":"2025-10-21T08:59:51","modified_gmt":"2025-10-21T08:59:51","slug":"camiseta-termina-hebo-underwear","status":"publish","type":"product","link":"https:\/\/difrenos.com\/index.php\/producto\/camiseta-termina-hebo-underwear\/","title":{"rendered":"Camiseta T\u00e9rmica Hebo Underwear"},"content":{"rendered":"<p>Referencias:<br \/>\nHE6604SN Talla S<br \/>\nHE6604MN Talla M<br \/>\nHE6604LN Talla L<\/p>\n<p>Camiseta t\u00e9rmica Hebo Underwear, ayuda a mantener la temperatura corporal y a expulsar el sudor.<\/p>\n<ul>\n<li>Confecci\u00f3n en poli\u00e9ster y lycra.<\/li>\n<li>El\u00e1stica y transpirable.<\/li>\n<li>Protecci\u00f3n contra el fr\u00edo.<\/li>\n<li>Ajuste ce\u00f1ido.<\/li>\n<\/ul>\n","protected":false},"excerpt":{"rendered":"<p>Referencias: HE6604SN Talla S HE6604MN Talla M HE6604LN Talla L Camiseta t\u00e9rmica Hebo Underwear, ayuda a mantener la temperatura corporal y a expulsar el sudor. Confecci\u00f3n en poli\u00e9ster y lycra. El\u00e1stica y transpirable. Protecci\u00f3n contra el fr\u00edo. Ajuste ce\u00f1ido.<\/p>\n","protected":false},"featured_media":10861,"template":"","meta":{"_et_pb_use_builder":"","_et_pb_old_content":"","_et_gb_content_width":""},"product_cat":[33,37,70,711,200],"product_tag":[105,836],"_links":{"self":[{"href":"https:\/\/difrenos.com\/index.php\/wp-json\/wp\/v2\/product\/10860"}],"collection":[{"href":"https:\/\/difrenos.com\/index.php\/wp-json\/wp\/v2\/product"}],"about":[{"href":"https:\/\/difrenos.com\/index.php\/wp-json\/wp\/v2\/types\/product"}],"wp:featuredmedia":[{"embeddable":true,"href":"https:\/\/difrenos.com\/index.php\/wp-json\/wp\/v2\/media\/10861"}],"wp:attachment":[{"href":"https:\/\/difrenos.com\/index.php\/wp-json\/wp\/v2\/media?parent=10860"}],"wp:term":[{"taxonomy":"product_cat","embeddable":true,"href":"https:\/\/difrenos.com\/index.php\/wp-json\/wp\/v2\/product_cat?post=10860"},{"taxonomy":"product_tag","embeddable":true,"href":"https:\/\/difrenos.com\/index.php\/wp-json\/wp\/v2\/product_tag?post=10860"}],"curies":[{"name":"wp","href":"https:\/\/api.w.org\/{rel}","templated":true}]}}