{"id":10806,"date":"2024-02-27T12:25:10","date_gmt":"2024-02-27T12:25:10","guid":{"rendered":"https:\/\/difrenos.com\/?post_type=product&#038;p=10806"},"modified":"2026-02-06T12:08:50","modified_gmt":"2026-02-06T12:08:50","slug":"nzi-casco-jet-single-jr-screeble-talla-l-54","status":"publish","type":"product","link":"https:\/\/difrenos.com\/index.php\/producto\/nzi-casco-jet-single-jr-screeble-talla-l-54\/","title":{"rendered":"Casco Nzi Single Junior Screeble"},"content":{"rendered":"<div class=\"dt-descripcion2 control-colapse\" data-toggle=\"collapse\" data-target=\"#demo\">\n<h2><span style=\"color: #666666; font-size: 14px;\">El casco abierto m\u00e1s popular de NZI Helmets, tambi\u00e9n para sus ni\u00f1os.<\/span><\/h2>\n<\/div>\n<div id=\"demo0\" class=\"txt_programa \">\n<p class=\"parrafo\"><span id=\"desc\" class=\"addReadMore showlesscontent\">Homologaci\u00f3n de las Naciones Unidas UNECE R 22 05.<\/span><\/p>\n<p>Bolsa portacascos incluida.<\/p>\n<p>Carcasa o calotta de Nugema, combinaci\u00f3n de materiales termopl\u00e1sticos de resistencia optimizada ante impactos y gran durabilidad.<\/p>\n<p>Compacto y muy ligero.<\/p>\n<p>Confort ideal para los m\u00e1s peque\u00f1os.<\/p>\n<p>Homologado para moto y para esqui.<\/p>\n<\/div>\n","protected":false},"excerpt":{"rendered":"<p>Talla L<\/p>\n","protected":false},"featured_media":23346,"template":"","meta":{"_et_pb_use_builder":"","_et_pb_old_content":"","_et_gb_content_width":""},"product_cat":[33,233,116,283],"product_tag":[],"_links":{"self":[{"href":"https:\/\/difrenos.com\/index.php\/wp-json\/wp\/v2\/product\/10806"}],"collection":[{"href":"https:\/\/difrenos.com\/index.php\/wp-json\/wp\/v2\/product"}],"about":[{"href":"https:\/\/difrenos.com\/index.php\/wp-json\/wp\/v2\/types\/product"}],"wp:featuredmedia":[{"embeddable":true,"href":"https:\/\/difrenos.com\/index.php\/wp-json\/wp\/v2\/media\/23346"}],"wp:attachment":[{"href":"https:\/\/difrenos.com\/index.php\/wp-json\/wp\/v2\/media?parent=10806"}],"wp:term":[{"taxonomy":"product_cat","embeddable":true,"href":"https:\/\/difrenos.com\/index.php\/wp-json\/wp\/v2\/product_cat?post=10806"},{"taxonomy":"product_tag","embeddable":true,"href":"https:\/\/difrenos.com\/index.php\/wp-json\/wp\/v2\/product_tag?post=10806"}],"curies":[{"name":"wp","href":"https:\/\/api.w.org\/{rel}","templated":true}]}}