{"id":10721,"date":"2024-02-23T13:19:32","date_gmt":"2024-02-23T13:19:32","guid":{"rendered":"https:\/\/difrenos.com\/?post_type=product&#038;p=10721"},"modified":"2026-02-16T11:50:32","modified_gmt":"2026-02-16T11:50:32","slug":"casco-leatt-gpx-4-5-v22-lima-talla-m-58","status":"publish","type":"product","link":"https:\/\/difrenos.com\/index.php\/producto\/casco-leatt-gpx-4-5-v22-lima-talla-m-58\/","title":{"rendered":"Casco Leatt GPX 4.5 V22"},"content":{"rendered":"<p><b><u>CASCO LEATT GPX 4.5 V22 LIMA<\/u><\/b><\/p>\n<p>&#8211; Volumen exterior reducido.<br \/>\n&#8211; EPS de estructura V-Foam inyectado en la calota.<br \/>\n&#8211; Sistema de protecci\u00f3n 360\u00ba Turbine de ArmourGel.<br \/>\n&#8211; M\u00e1xima ventilaci\u00f3n.<br \/>\n-Compatible con el uso de collar\u00edn.<br \/>\n&#8211; Peso estimado desde 1.150g.<br \/>\n&#8211; Sistema de hidrataci\u00f3n integrado.<br \/>\n&#8211; Homologaci\u00f3n ECE 2205.<\/p>\n","protected":false},"excerpt":{"rendered":"<p>CASCO LEATT GPX 4.5 V22 LIMA &#8211; Volumen exterior reducido. &#8211; EPS de estructura V-Foam inyectado en la calota. &#8211; Sistema de protecci\u00f3n 360\u00ba Turbine de ArmourGel. &#8211; M\u00e1xima ventilaci\u00f3n. -Compatible con el uso de collar\u00edn. &#8211; Peso estimado desde 1.150g. &#8211; Sistema de hidrataci\u00f3n integrado. &#8211; Homologaci\u00f3n ECE 2205.<\/p>\n","protected":false},"featured_media":10722,"template":"","meta":{"_et_pb_use_builder":"","_et_pb_old_content":"","_et_gb_content_width":""},"product_cat":[33,43,71],"product_tag":[296,666],"_links":{"self":[{"href":"https:\/\/difrenos.com\/index.php\/wp-json\/wp\/v2\/product\/10721"}],"collection":[{"href":"https:\/\/difrenos.com\/index.php\/wp-json\/wp\/v2\/product"}],"about":[{"href":"https:\/\/difrenos.com\/index.php\/wp-json\/wp\/v2\/types\/product"}],"wp:featuredmedia":[{"embeddable":true,"href":"https:\/\/difrenos.com\/index.php\/wp-json\/wp\/v2\/media\/10722"}],"wp:attachment":[{"href":"https:\/\/difrenos.com\/index.php\/wp-json\/wp\/v2\/media?parent=10721"}],"wp:term":[{"taxonomy":"product_cat","embeddable":true,"href":"https:\/\/difrenos.com\/index.php\/wp-json\/wp\/v2\/product_cat?post=10721"},{"taxonomy":"product_tag","embeddable":true,"href":"https:\/\/difrenos.com\/index.php\/wp-json\/wp\/v2\/product_tag?post=10721"}],"curies":[{"name":"wp","href":"https:\/\/api.w.org\/{rel}","templated":true}]}}