{"id":10653,"date":"2024-02-21T10:24:36","date_gmt":"2024-02-21T10:24:36","guid":{"rendered":"https:\/\/difrenos.com\/?post_type=product&#038;p=10653"},"modified":"2026-03-20T12:12:42","modified_gmt":"2026-03-20T12:12:42","slug":"anclaje-de-pinza-de-freno-trasero","status":"publish","type":"product","link":"https:\/\/difrenos.com\/index.php\/producto\/anclaje-de-pinza-de-freno-trasero\/","title":{"rendered":"ANCLAJE DE PINZA DE FRENO CON PROTECTOR DE DISCO GAS GAS (79113975044FAA)"},"content":{"rendered":"<p>Compatible con los siguientes modelos:<\/p>\n<ul>\n<li>Gas Gas Mc 125\u00a0 a\u00f1os 2021 a 2023<\/li>\n<li>Gas Gas Mc 250 a\u00f1os 2022 a 2023<\/li>\n<li>Gas Gas Mc 250F a\u00f1os 2021 a 2023<\/li>\n<li>Ktm Exc 300 a\u00f1os 2021 a 2023<\/li>\n<li>Ktm Exc 350F y Exc 450F a\u00f1os 2021 y 2022<\/li>\n<\/ul>\n<p>&nbsp;<\/p>\n","protected":false},"excerpt":{"rendered":"<p>Compatible con los siguientes modelos: Gas Gas Mc 125\u00a0 a\u00f1os 2021 a 2023 Gas Gas Mc 250 a\u00f1os 2022 a 2023 Gas Gas Mc 250F a\u00f1os 2021 a 2023 Ktm Exc 300 a\u00f1os 2021 a 2023 Ktm Exc 350F y Exc 450F a\u00f1os 2021 y 2022 &nbsp;<\/p>\n","protected":false},"featured_media":10654,"template":"","meta":{"_et_pb_use_builder":"","_et_pb_old_content":"","_et_gb_content_width":""},"product_cat":[789,170],"product_tag":[445],"_links":{"self":[{"href":"https:\/\/difrenos.com\/index.php\/wp-json\/wp\/v2\/product\/10653"}],"collection":[{"href":"https:\/\/difrenos.com\/index.php\/wp-json\/wp\/v2\/product"}],"about":[{"href":"https:\/\/difrenos.com\/index.php\/wp-json\/wp\/v2\/types\/product"}],"wp:featuredmedia":[{"embeddable":true,"href":"https:\/\/difrenos.com\/index.php\/wp-json\/wp\/v2\/media\/10654"}],"wp:attachment":[{"href":"https:\/\/difrenos.com\/index.php\/wp-json\/wp\/v2\/media?parent=10653"}],"wp:term":[{"taxonomy":"product_cat","embeddable":true,"href":"https:\/\/difrenos.com\/index.php\/wp-json\/wp\/v2\/product_cat?post=10653"},{"taxonomy":"product_tag","embeddable":true,"href":"https:\/\/difrenos.com\/index.php\/wp-json\/wp\/v2\/product_tag?post=10653"}],"curies":[{"name":"wp","href":"https:\/\/api.w.org\/{rel}","templated":true}]}}