{"id":10626,"date":"2024-02-20T11:50:29","date_gmt":"2024-02-20T11:50:29","guid":{"rendered":"https:\/\/difrenos.com\/?post_type=product&#038;p=10626"},"modified":"2026-04-06T09:04:03","modified_gmt":"2026-04-06T09:04:03","slug":"baul-husqvarna-norden-901-y-soporte","status":"publish","type":"product","link":"https:\/\/difrenos.com\/index.php\/producto\/baul-husqvarna-norden-901-y-soporte\/","title":{"rendered":"Top Case Husqvarna Norden 901 y soporte portaequipajes"},"content":{"rendered":"<p>Baul original para Husqvarna Norden 901 de 36 Litros + soporte portaeuipaje necesario<\/p>\n<div class=\"product-star-widget\">\n<div class=\"wrapper\" tabindex=\"1\">\n<div class=\"star-rating\" aria-label=\"Star rating of 0 out of 5 stars\">\n<div class=\"star-rating__fraction\">\n<div class=\"star\">\n<div class=\"empty\"><\/div>\n<\/div>\n<div class=\"star\">\n<div class=\"filled\">Ref. 22112929544<\/div>\n<div>\n<ul>\n<li>Construcci\u00f3n robusta y estable.<\/li>\n<li>Desarrollado conjuntamente con el veh\u00edculo.<\/li>\n<li>Puede cerrarse con la llave del veh\u00edculo.<\/li>\n<li>Desmontaje y montaje en cuesti\u00f3n de segundos.<\/li>\n<li>La ergon\u00f3mica asa desaparece por completo en la maleta.<\/li>\n<li>El soporte flotante de topcase evita que el veh\u00edculo oscile a altas velocidades.<\/li>\n<li>Dimensiones: 500x340x380 mm.<\/li>\n<li>Peso total m\u00e1ximo: 5 kg.<\/li>\n<li>Color:.negro\/plata<\/li>\n<\/ul>\n<\/div>\n<\/div>\n<\/div>\n<div class=\"empty\"><\/div>\n<div class=\"empty\">Ref. 22112910044C<\/div>\n<div>\u00a0 \u00a0 \u00a0Soporte &#8211; Portaequipajes Husqvarna Norden 901 22-23 Negro<\/div>\n<div>\n<ul>\n<li>La base para el montaje de nuestras bolsas de viaje o topcases.<\/li>\n<li>Montaje f\u00e1cil.<\/li>\n<li>Construcci\u00f3n robusta y estable.<\/li>\n<li>Incluidos todos los materiales necesarios para el montaje.<\/li>\n<li>Distribuci\u00f3n \u00f3ptima de la carga a los puntos de anclaje disponibles en la parte ciclo.<\/li>\n<li>HOMNN_EU.<\/li>\n<\/ul>\n<\/div>\n<div class=\"empty\"><\/div>\n<div class=\"empty\"><\/div>\n<\/div>\n<\/div>\n<\/div>\n<div class=\"flex text-xs text-grey order-2 text-sm\"><\/div>\n","protected":false},"excerpt":{"rendered":"<p>Baul original para Husqvarna Norden 901 de 36 Litros + soporte portaeuipaje necesario Ref. 22112929544 Construcci\u00f3n robusta y estable. Desarrollado conjuntamente con el veh\u00edculo. Puede cerrarse con la llave del veh\u00edculo. Desmontaje y montaje en cuesti\u00f3n de segundos. La ergon\u00f3mica asa desaparece por completo en la maleta. El soporte flotante de topcase evita que el [&hellip;]<\/p>\n","protected":false},"featured_media":10627,"template":"","meta":{"_et_pb_use_builder":"","_et_pb_old_content":"","_et_gb_content_width":""},"product_cat":[760,170],"product_tag":[445,108],"_links":{"self":[{"href":"https:\/\/difrenos.com\/index.php\/wp-json\/wp\/v2\/product\/10626"}],"collection":[{"href":"https:\/\/difrenos.com\/index.php\/wp-json\/wp\/v2\/product"}],"about":[{"href":"https:\/\/difrenos.com\/index.php\/wp-json\/wp\/v2\/types\/product"}],"wp:featuredmedia":[{"embeddable":true,"href":"https:\/\/difrenos.com\/index.php\/wp-json\/wp\/v2\/media\/10627"}],"wp:attachment":[{"href":"https:\/\/difrenos.com\/index.php\/wp-json\/wp\/v2\/media?parent=10626"}],"wp:term":[{"taxonomy":"product_cat","embeddable":true,"href":"https:\/\/difrenos.com\/index.php\/wp-json\/wp\/v2\/product_cat?post=10626"},{"taxonomy":"product_tag","embeddable":true,"href":"https:\/\/difrenos.com\/index.php\/wp-json\/wp\/v2\/product_tag?post=10626"}],"curies":[{"name":"wp","href":"https:\/\/api.w.org\/{rel}","templated":true}]}}