{"id":10617,"date":"2024-02-19T13:34:38","date_gmt":"2024-02-19T13:34:38","guid":{"rendered":"https:\/\/difrenos.com\/?post_type=product&#038;p=10617"},"modified":"2026-02-18T13:36:00","modified_gmt":"2026-02-18T13:36:00","slug":"pantalon-moto-mujer-invierno-rainers-sydney-talla-s-34-36","status":"publish","type":"product","link":"https:\/\/difrenos.com\/index.php\/producto\/pantalon-moto-mujer-invierno-rainers-sydney-talla-s-34-36\/","title":{"rendered":"Pantal\u00f3n Rainers Sydney Mujer"},"content":{"rendered":"<div class=\"col-sm-6 col-xs-12\">\n<section class=\"page-product-box\">Talla S: 34\/36<\/p>\n<table class=\"table-data-sheet\">\n<tbody>\n<tr class=\"odd\">\n<td>Material:<\/td>\n<td>Nylon &#8211; Cordura<\/td>\n<\/tr>\n<tr class=\"even\">\n<td>Color:<\/td>\n<td>Negro<\/td>\n<\/tr>\n<tr class=\"odd\">\n<td>Estaci\u00f3n:<\/td>\n<td>Invierno<\/td>\n<\/tr>\n<tr class=\"even\">\n<td>G\u00e9nero:<\/td>\n<td>Mujer<\/td>\n<\/tr>\n<tr class=\"odd\">\n<td>Marca:<\/td>\n<td>Rainers<\/td>\n<\/tr>\n<\/tbody>\n<\/table>\n<p>&nbsp;<\/p>\n<\/section>\n<\/div>\n<div class=\"col-sm-6 col-xs-12\">\n<section class=\"page-product-box\">\n<h3 class=\"page-product-heading\">M\u00e1s informaci\u00f3n<\/h3>\n<div class=\"rte\">\n<p>Es recomendable llevar unos pantalones moteros de gran calidad. Todos pensamos en llevar el casco, chaqueta o guantes, pero tambi\u00e9n es muy importante equiparse las piernas. Los pantalones para ir en moto, como los Venus de la marca Rainers, han sido fabricados con la finalidad de dar mayor seguridad al piloto si sufre una ca\u00edda frente a los da\u00f1os m\u00e1s t\u00edpicos como lo son golpes o rozaduras.<\/p>\n<ul>\n<li>Tiene un forro interior fabricado en poli\u00e9ster y un forro t\u00e9rmico el cual se puede desmontar.<\/li>\n<li>Tiene en las rodillas protecciones.<\/li>\n<li>Cuenta con fuelles de flexi\u00f3n en cintura y rodillas.<\/li>\n<li>Cuentan con varios reflectantes.<\/li>\n<li>Cuentan con tomas de aire para mejorar ventilaci\u00f3n en los meses que hacen m\u00e1s calor.<\/li>\n<li>Pantal\u00f3n de mujer fabricado en Nylon. Este modelo es un patr\u00f3n ajustado, sienta muy bien y estiliza la figura, como ya sab\u00e9is es un pantal\u00f3n de invierno touring con lo cual el forro t\u00e9rmico es desmontable y la membrana impermeable es fija. Lleva un detalle bordado en la parte trasera del pantal\u00f3n que le da un toque muy femenino; podr\u00e1s combinarlo con cualquier chaqueta porque lleva cosida en la parte trasera una cremallera para ello, es un pantal\u00f3n con el que no tendr\u00e1s problemas de flexibilidad porque tambi\u00e9n hemos pensado en ello, equip\u00e1ndolo con unos el\u00e1sticos en la zona trasera de la rodilla, adem\u00e1s de ello, tambi\u00e9n encontrar\u00e1s en el camal del pantal\u00f3n cremalleras para ponerlo por encima de tu bota f\u00e1cilmente; por supuesto lleva sus correspondientes protectores de rodilla y cadera extra\u00edbles mediante cremallera y velcro, sinceramente, un pantal\u00f3n diferente que te encantar\u00e1.<\/li>\n<\/ul>\n<\/div>\n<\/section>\n<\/div>\n","protected":false},"excerpt":{"rendered":"<p>NO DA MUCHA TALLA MAS BIEN PARA TALLA 34<\/p>\n","protected":false},"featured_media":10618,"template":"","meta":{"_et_pb_use_builder":"","_et_pb_old_content":"","_et_gb_content_width":""},"product_cat":[33,231,363,149],"product_tag":[41,508,640,192],"_links":{"self":[{"href":"https:\/\/difrenos.com\/index.php\/wp-json\/wp\/v2\/product\/10617"}],"collection":[{"href":"https:\/\/difrenos.com\/index.php\/wp-json\/wp\/v2\/product"}],"about":[{"href":"https:\/\/difrenos.com\/index.php\/wp-json\/wp\/v2\/types\/product"}],"wp:featuredmedia":[{"embeddable":true,"href":"https:\/\/difrenos.com\/index.php\/wp-json\/wp\/v2\/media\/10618"}],"wp:attachment":[{"href":"https:\/\/difrenos.com\/index.php\/wp-json\/wp\/v2\/media?parent=10617"}],"wp:term":[{"taxonomy":"product_cat","embeddable":true,"href":"https:\/\/difrenos.com\/index.php\/wp-json\/wp\/v2\/product_cat?post=10617"},{"taxonomy":"product_tag","embeddable":true,"href":"https:\/\/difrenos.com\/index.php\/wp-json\/wp\/v2\/product_tag?post=10617"}],"curies":[{"name":"wp","href":"https:\/\/api.w.org\/{rel}","templated":true}]}}