{"id":10576,"date":"2024-02-15T11:29:18","date_gmt":"2024-02-15T11:29:18","guid":{"rendered":"https:\/\/difrenos.com\/?post_type=product&#038;p=10576"},"modified":"2025-11-04T13:09:55","modified_gmt":"2025-11-04T13:09:55","slug":"camiseta-gas-gas-kids-offroad-2024","status":"publish","type":"product","link":"https:\/\/difrenos.com\/index.php\/producto\/camiseta-gas-gas-kids-offroad-2024\/","title":{"rendered":"Camiseta Gas Gas Kids Offroad"},"content":{"rendered":"<p>Referencias:<br \/>\n3GG240020202 Talla S\/116-128<br \/>\n3GG240020203 Talla M\/128-140<\/p>\n<ul>\n<li>Camiseta MX para ni\u00f1os<\/li>\n<li>Tejido de PE bien ventilado<\/li>\n<li>Inserciones de malla<\/li>\n<li>Mangas de corte ragl\u00e1n<\/li>\n<li>Estampados por sublimaci\u00f3n resistentes a rayos UV y al deste\u00f1ido<\/li>\n<li>100 % poli\u00e9ster<\/li>\n<\/ul>\n","protected":false},"excerpt":{"rendered":"<p>Referencias: 3GG240020202 Talla S\/116-128 3GG240020203 Talla M\/128-140 Camiseta MX para ni\u00f1os Tejido de PE bien ventilado Inserciones de malla Mangas de corte ragl\u00e1n Estampados por sublimaci\u00f3n resistentes a rayos UV y al deste\u00f1ido 100 % poli\u00e9ster<\/p>\n","protected":false},"featured_media":10577,"template":"","meta":{"_et_pb_use_builder":"","_et_pb_old_content":"","_et_gb_content_width":""},"product_cat":[33,757,224,707,116,504],"product_tag":[584,85,118,142],"_links":{"self":[{"href":"https:\/\/difrenos.com\/index.php\/wp-json\/wp\/v2\/product\/10576"}],"collection":[{"href":"https:\/\/difrenos.com\/index.php\/wp-json\/wp\/v2\/product"}],"about":[{"href":"https:\/\/difrenos.com\/index.php\/wp-json\/wp\/v2\/types\/product"}],"wp:featuredmedia":[{"embeddable":true,"href":"https:\/\/difrenos.com\/index.php\/wp-json\/wp\/v2\/media\/10577"}],"wp:attachment":[{"href":"https:\/\/difrenos.com\/index.php\/wp-json\/wp\/v2\/media?parent=10576"}],"wp:term":[{"taxonomy":"product_cat","embeddable":true,"href":"https:\/\/difrenos.com\/index.php\/wp-json\/wp\/v2\/product_cat?post=10576"},{"taxonomy":"product_tag","embeddable":true,"href":"https:\/\/difrenos.com\/index.php\/wp-json\/wp\/v2\/product_tag?post=10576"}],"curies":[{"name":"wp","href":"https:\/\/api.w.org\/{rel}","templated":true}]}}