{"id":10564,"date":"2024-02-15T11:14:37","date_gmt":"2024-02-15T11:14:37","guid":{"rendered":"https:\/\/difrenos.com\/?post_type=product&#038;p=10564"},"modified":"2025-11-28T09:05:20","modified_gmt":"2025-11-28T09:05:20","slug":"pantalon-gas-gas-offroad","status":"publish","type":"product","link":"https:\/\/difrenos.com\/index.php\/producto\/pantalon-gas-gas-offroad\/","title":{"rendered":"Pantal\u00f3n Gas Gas Offroad"},"content":{"rendered":"<p>Referencias:<br \/>\n3GG240020003 Talla M<br \/>\n3GG240020004 Talla L<br \/>\n3GG240020006 Talla XXL<\/p>\n<ul>\n<li>Pantal\u00f3n offroad robusto<\/li>\n<li>Zonas de ventilaci\u00f3n perforadas<\/li>\n<li>Refuerzo para las rodillas de cuero resistente al calor y a la abrasi\u00f3n<\/li>\n<li>Estampados por sublimaci\u00f3n resistentes a rayos UV y al deste\u00f1ido<\/li>\n<li>68 % poli\u00e9ster \/ 27 % nylon \/ 5 % cuero<\/li>\n<\/ul>\n","protected":false},"excerpt":{"rendered":"<p>Referencias: 3GG240020003 Talla M 3GG240020004 Talla L 3GG240020006 Talla XXL Pantal\u00f3n offroad robusto Zonas de ventilaci\u00f3n perforadas Refuerzo para las rodillas de cuero resistente al calor y a la abrasi\u00f3n Estampados por sublimaci\u00f3n resistentes a rayos UV y al deste\u00f1ido 68 % poli\u00e9ster \/ 27 % nylon \/ 5 % cuero<\/p>\n","protected":false},"featured_media":10565,"template":"","meta":{"_et_pb_use_builder":"","_et_pb_old_content":"","_et_gb_content_width":""},"product_cat":[33,254,707,758,149],"product_tag":[85,142],"_links":{"self":[{"href":"https:\/\/difrenos.com\/index.php\/wp-json\/wp\/v2\/product\/10564"}],"collection":[{"href":"https:\/\/difrenos.com\/index.php\/wp-json\/wp\/v2\/product"}],"about":[{"href":"https:\/\/difrenos.com\/index.php\/wp-json\/wp\/v2\/types\/product"}],"wp:featuredmedia":[{"embeddable":true,"href":"https:\/\/difrenos.com\/index.php\/wp-json\/wp\/v2\/media\/10565"}],"wp:attachment":[{"href":"https:\/\/difrenos.com\/index.php\/wp-json\/wp\/v2\/media?parent=10564"}],"wp:term":[{"taxonomy":"product_cat","embeddable":true,"href":"https:\/\/difrenos.com\/index.php\/wp-json\/wp\/v2\/product_cat?post=10564"},{"taxonomy":"product_tag","embeddable":true,"href":"https:\/\/difrenos.com\/index.php\/wp-json\/wp\/v2\/product_tag?post=10564"}],"curies":[{"name":"wp","href":"https:\/\/api.w.org\/{rel}","templated":true}]}}