{"id":10540,"date":"2024-02-14T18:22:10","date_gmt":"2024-02-14T18:22:10","guid":{"rendered":"https:\/\/difrenos.com\/?post_type=product&#038;p=10540"},"modified":"2026-03-11T10:35:58","modified_gmt":"2026-03-11T10:35:58","slug":"camiseta-husqvarna-kids-railed-2024","status":"publish","type":"product","link":"https:\/\/difrenos.com\/index.php\/producto\/camiseta-husqvarna-kids-railed-2024\/","title":{"rendered":"Camiseta Husqvarna Kids Railed"},"content":{"rendered":"<p>Referencias:<br \/>\n3HS240017703 Talla M\/128-140<br \/>\n3HS240017704 Talla L\/140-152<br \/>\n3HS240017705 Talla XL\/152-164<\/p>\n<ul>\n<li>Camiseta offroad Performance para ni\u00f1os<\/li>\n<li>Zonas de ventilaci\u00f3n perforadas<\/li>\n<li>Tejido de PE bien ventilado<\/li>\n<li>Inserciones de malla<\/li>\n<li>Mangas ragl\u00e1n<\/li>\n<li>Estampados por sublimaci\u00f3n resistentes a rayos UV y al deste\u00f1ido<\/li>\n<li>100 % poli\u00e9ster<\/li>\n<\/ul>\n","protected":false},"excerpt":{"rendered":"<p>Referencias: 3HS240017703 Talla M\/128-140 3HS240017704 Talla L\/140-152 3HS240017705 Talla XL\/152-164 Camiseta offroad Performance para ni\u00f1os Zonas de ventilaci\u00f3n perforadas Tejido de PE bien ventilado Inserciones de malla Mangas ragl\u00e1n Estampados por sublimaci\u00f3n resistentes a rayos UV y al deste\u00f1ido 100 % poli\u00e9ster<\/p>\n","protected":false},"featured_media":10542,"template":"","meta":{"_et_pb_use_builder":"","_et_pb_old_content":"","_et_gb_content_width":""},"product_cat":[33,755,224,701,116,504],"product_tag":[108,118,142],"_links":{"self":[{"href":"https:\/\/difrenos.com\/index.php\/wp-json\/wp\/v2\/product\/10540"}],"collection":[{"href":"https:\/\/difrenos.com\/index.php\/wp-json\/wp\/v2\/product"}],"about":[{"href":"https:\/\/difrenos.com\/index.php\/wp-json\/wp\/v2\/types\/product"}],"wp:featuredmedia":[{"embeddable":true,"href":"https:\/\/difrenos.com\/index.php\/wp-json\/wp\/v2\/media\/10542"}],"wp:attachment":[{"href":"https:\/\/difrenos.com\/index.php\/wp-json\/wp\/v2\/media?parent=10540"}],"wp:term":[{"taxonomy":"product_cat","embeddable":true,"href":"https:\/\/difrenos.com\/index.php\/wp-json\/wp\/v2\/product_cat?post=10540"},{"taxonomy":"product_tag","embeddable":true,"href":"https:\/\/difrenos.com\/index.php\/wp-json\/wp\/v2\/product_tag?post=10540"}],"curies":[{"name":"wp","href":"https:\/\/api.w.org\/{rel}","templated":true}]}}