{"id":10532,"date":"2024-02-13T18:17:59","date_gmt":"2024-02-13T18:17:59","guid":{"rendered":"https:\/\/difrenos.com\/?post_type=product&#038;p=10532"},"modified":"2026-03-12T10:19:17","modified_gmt":"2026-03-12T10:19:17","slug":"camiseta-husqvarna-authentic-2024","status":"publish","type":"product","link":"https:\/\/difrenos.com\/index.php\/producto\/camiseta-husqvarna-authentic-2024\/","title":{"rendered":"Camiseta Husqvarna Authentic"},"content":{"rendered":"<p>Referencias:<br \/>\n3HS240016502 Talla S<br \/>\n3HS240016503 Talla M<br \/>\n3HS240016504 Talla L<br \/>\n3HS240016505 Talla XL<br \/>\n3HS240016506 Talla XXL<\/p>\n<ul>\n<li>Camiseta offroad robusta<\/li>\n<li>Tejido de PE bien ventilado<\/li>\n<li>Mangas de corte ragl\u00e1n<\/li>\n<li>Estampados por sublimaci\u00f3n resistentes a rayos UV y al deste\u00f1ido<\/li>\n<li>100 % poli\u00e9ster<\/li>\n<\/ul>\n","protected":false},"excerpt":{"rendered":"<p>Referencias: 3HS240016502 Talla S 3HS240016503 Talla M 3HS240016504 Talla L 3HS240016505 Talla XL 3HS240016506 Talla XXL Camiseta offroad robusta Tejido de PE bien ventilado Mangas de corte ragl\u00e1n Estampados por sublimaci\u00f3n resistentes a rayos UV y al deste\u00f1ido 100 % poli\u00e9ster<\/p>\n","protected":false},"featured_media":10534,"template":"","meta":{"_et_pb_use_builder":"","_et_pb_old_content":"","_et_gb_content_width":""},"product_cat":[33,755,37,70,701],"product_tag":[108,142],"_links":{"self":[{"href":"https:\/\/difrenos.com\/index.php\/wp-json\/wp\/v2\/product\/10532"}],"collection":[{"href":"https:\/\/difrenos.com\/index.php\/wp-json\/wp\/v2\/product"}],"about":[{"href":"https:\/\/difrenos.com\/index.php\/wp-json\/wp\/v2\/types\/product"}],"wp:featuredmedia":[{"embeddable":true,"href":"https:\/\/difrenos.com\/index.php\/wp-json\/wp\/v2\/media\/10534"}],"wp:attachment":[{"href":"https:\/\/difrenos.com\/index.php\/wp-json\/wp\/v2\/media?parent=10532"}],"wp:term":[{"taxonomy":"product_cat","embeddable":true,"href":"https:\/\/difrenos.com\/index.php\/wp-json\/wp\/v2\/product_cat?post=10532"},{"taxonomy":"product_tag","embeddable":true,"href":"https:\/\/difrenos.com\/index.php\/wp-json\/wp\/v2\/product_tag?post=10532"}],"curies":[{"name":"wp","href":"https:\/\/api.w.org\/{rel}","templated":true}]}}