{"id":10396,"date":"2024-01-31T11:23:24","date_gmt":"2024-01-31T11:23:24","guid":{"rendered":"https:\/\/difrenos.com\/?post_type=product&#038;p=10396"},"modified":"2026-04-06T09:04:18","modified_gmt":"2026-04-06T09:04:18","slug":"mochila-husqvarna-erzberg-hydration-2024","status":"publish","type":"product","link":"https:\/\/difrenos.com\/index.php\/producto\/mochila-husqvarna-erzberg-hydration-2024\/","title":{"rendered":"Mochila Husqvarna Team Erzberg Hydration"},"content":{"rendered":"<p>Referencia: 3HS240036200<\/p>\n<ul>\n<li>Insulated Cooler Fabric lining that keeps liquid cold for 30 % longer.<\/li>\n<li>Compartimento especial antiderrame para bolsa de hidrataci\u00f3n con correa de seguridad de velcro para mantener en su sitio la bolsa y la conexi\u00f3n del tubo<\/li>\n<li>Incluye una bolsa de 1 litro<\/li>\n<li>Dise\u00f1o exclusivo de OGIO\u00ae para Husqvarna Motorcycles100 % poli\u00e9ster<\/li>\n<\/ul>\n","protected":false},"excerpt":{"rendered":"<p>Referencia: 3HS240036200 Insulated Cooler Fabric lining that keeps liquid cold for 30 % longer. Compartimento especial antiderrame para bolsa de hidrataci\u00f3n con correa de seguridad de velcro para mantener en su sitio la bolsa y la conexi\u00f3n del tubo Incluye una bolsa de 1 litro Dise\u00f1o exclusivo de OGIO\u00ae para Husqvarna Motorcycles100 % poli\u00e9ster<\/p>\n","protected":false},"featured_media":10409,"template":"","meta":{"_et_pb_use_builder":"","_et_pb_old_content":"","_et_gb_content_width":""},"product_cat":[706,215,33,701,273],"product_tag":[108,748],"_links":{"self":[{"href":"https:\/\/difrenos.com\/index.php\/wp-json\/wp\/v2\/product\/10396"}],"collection":[{"href":"https:\/\/difrenos.com\/index.php\/wp-json\/wp\/v2\/product"}],"about":[{"href":"https:\/\/difrenos.com\/index.php\/wp-json\/wp\/v2\/types\/product"}],"wp:featuredmedia":[{"embeddable":true,"href":"https:\/\/difrenos.com\/index.php\/wp-json\/wp\/v2\/media\/10409"}],"wp:attachment":[{"href":"https:\/\/difrenos.com\/index.php\/wp-json\/wp\/v2\/media?parent=10396"}],"wp:term":[{"taxonomy":"product_cat","embeddable":true,"href":"https:\/\/difrenos.com\/index.php\/wp-json\/wp\/v2\/product_cat?post=10396"},{"taxonomy":"product_tag","embeddable":true,"href":"https:\/\/difrenos.com\/index.php\/wp-json\/wp\/v2\/product_tag?post=10396"}],"curies":[{"name":"wp","href":"https:\/\/api.w.org\/{rel}","templated":true}]}}