{"id":10353,"date":"2024-01-30T12:07:46","date_gmt":"2024-01-30T12:07:46","guid":{"rendered":"https:\/\/difrenos.com\/?post_type=product&#038;p=10353"},"modified":"2025-11-04T17:42:03","modified_gmt":"2025-11-04T17:42:03","slug":"coderas-alpinestars-vapor-youth","status":"publish","type":"product","link":"https:\/\/difrenos.com\/index.php\/producto\/coderas-alpinestars-vapor-youth\/","title":{"rendered":"Coderas Alpinestars Vapor Youth"},"content":{"rendered":"<p>Referencia: 6542216<\/p>\n<ul>\n<li>Relleno y perfiles en la parte superior para una mayor flexibilidad<\/li>\n<li>Sistema de correa en V con cierres de velcro para un montaje r\u00e1pido y f\u00e1cil<\/li>\n<li>Sistemas de protecci\u00f3n certificados CE<\/li>\n<li>Acolchado en poliester 3D avanzado para una mayor comodidad y rendimiento ajustado<\/li>\n<li>Los paneles con ventilaci\u00f3n y el material de malla 3D proporcionan comodidad al conductor, evitando la acumulaci\u00f3n de calor manteniendo el contacto t\u00e1ctil con la piel<\/li>\n<\/ul>\n<p>&nbsp;<\/p>\n","protected":false},"excerpt":{"rendered":"<p>Referencia: 6542216 Relleno y perfiles en la parte superior para una mayor flexibilidad Sistema de correa en V con cierres de velcro para un montaje r\u00e1pido y f\u00e1cil Sistemas de protecci\u00f3n certificados CE Acolchado en poliester 3D avanzado para una mayor comodidad y rendimiento ajustado Los paneles con ventilaci\u00f3n y el material de malla 3D [&hellip;]<\/p>\n","protected":false},"featured_media":10355,"template":"","meta":{"_et_pb_use_builder":"","_et_pb_old_content":"","_et_gb_content_width":""},"product_cat":[745,33,747,116,167],"product_tag":[448,309],"_links":{"self":[{"href":"https:\/\/difrenos.com\/index.php\/wp-json\/wp\/v2\/product\/10353"}],"collection":[{"href":"https:\/\/difrenos.com\/index.php\/wp-json\/wp\/v2\/product"}],"about":[{"href":"https:\/\/difrenos.com\/index.php\/wp-json\/wp\/v2\/types\/product"}],"wp:featuredmedia":[{"embeddable":true,"href":"https:\/\/difrenos.com\/index.php\/wp-json\/wp\/v2\/media\/10355"}],"wp:attachment":[{"href":"https:\/\/difrenos.com\/index.php\/wp-json\/wp\/v2\/media?parent=10353"}],"wp:term":[{"taxonomy":"product_cat","embeddable":true,"href":"https:\/\/difrenos.com\/index.php\/wp-json\/wp\/v2\/product_cat?post=10353"},{"taxonomy":"product_tag","embeddable":true,"href":"https:\/\/difrenos.com\/index.php\/wp-json\/wp\/v2\/product_tag?post=10353"}],"curies":[{"name":"wp","href":"https:\/\/api.w.org\/{rel}","templated":true}]}}