{"id":10336,"date":"2024-01-30T10:21:13","date_gmt":"2024-01-30T10:21:13","guid":{"rendered":"https:\/\/difrenos.com\/?post_type=product&#038;p=10336"},"modified":"2026-02-10T20:39:15","modified_gmt":"2026-02-10T20:39:15","slug":"peto-acerbis-mx-profile-stone","status":"publish","type":"product","link":"https:\/\/difrenos.com\/index.php\/producto\/peto-acerbis-mx-profile-stone\/","title":{"rendered":"Peto Acerbis Mx Profile Stone"},"content":{"rendered":"<ul>\n<li>Protege la espalda y el pecho.<\/li>\n<li>Buena ventilaci\u00f3n.<\/li>\n<li>Los hombros est\u00e1n hechos de un material suave para un ajuste m\u00e1s ergon\u00f3mico.<\/li>\n<li>Cierres el\u00e1sticos ajustables en el lateral.<\/li>\n<li>Certificado EN 14021 STONE SHIELD.<\/li>\n<li>Peto c\u00f3modo y ligero<\/li>\n<\/ul>\n","protected":false},"excerpt":{"rendered":"<p>Protege la espalda y el pecho. Buena ventilaci\u00f3n. Los hombros est\u00e1n hechos de un material suave para un ajuste m\u00e1s ergon\u00f3mico. Cierres el\u00e1sticos ajustables en el lateral. Certificado EN 14021 STONE SHIELD. Peto c\u00f3modo y ligero<\/p>\n","protected":false},"featured_media":10337,"template":"","meta":{"_et_pb_use_builder":"","_et_pb_old_content":"","_et_gb_content_width":""},"product_cat":[729,33,363,278,698,166],"product_tag":[26,742,741],"_links":{"self":[{"href":"https:\/\/difrenos.com\/index.php\/wp-json\/wp\/v2\/product\/10336"}],"collection":[{"href":"https:\/\/difrenos.com\/index.php\/wp-json\/wp\/v2\/product"}],"about":[{"href":"https:\/\/difrenos.com\/index.php\/wp-json\/wp\/v2\/types\/product"}],"wp:featuredmedia":[{"embeddable":true,"href":"https:\/\/difrenos.com\/index.php\/wp-json\/wp\/v2\/media\/10337"}],"wp:attachment":[{"href":"https:\/\/difrenos.com\/index.php\/wp-json\/wp\/v2\/media?parent=10336"}],"wp:term":[{"taxonomy":"product_cat","embeddable":true,"href":"https:\/\/difrenos.com\/index.php\/wp-json\/wp\/v2\/product_cat?post=10336"},{"taxonomy":"product_tag","embeddable":true,"href":"https:\/\/difrenos.com\/index.php\/wp-json\/wp\/v2\/product_tag?post=10336"}],"curies":[{"name":"wp","href":"https:\/\/api.w.org\/{rel}","templated":true}]}}