{"id":10326,"date":"2024-01-30T09:58:29","date_gmt":"2024-01-30T09:58:29","guid":{"rendered":"https:\/\/difrenos.com\/?post_type=product&#038;p=10326"},"modified":"2026-02-10T20:39:55","modified_gmt":"2026-02-10T20:39:55","slug":"peto-acerbis-cosmo-mx-level-2-0","status":"publish","type":"product","link":"https:\/\/difrenos.com\/index.php\/producto\/peto-acerbis-cosmo-mx-level-2-0\/","title":{"rendered":"Peto Acerbis Cosmo Mx Level 2.0"},"content":{"rendered":"<p>Referencia: 0017180274<\/p>\n<ul>\n<li><strong>Hombreras no incluidas<\/strong><\/li>\n<li>Se pueden desmontar f\u00e1cilmente.<\/li>\n<li>El panel de protecci\u00f3n frontal est\u00e1 dise\u00f1ado ergon\u00f3micamente con material resistente para mayor confort y seguridad (homologaci\u00f3n EN-14021).<\/li>\n<li>El protector dorsal posee la homologaci\u00f3n EN1621-2\/03 de nivel 2.<\/li>\n<li>El protector de espalda se puede extraer de la cubierta delantera del peto para poder utilizar el neck-brace.<\/li>\n<li>Zona de la columna vertebral con material D30.<\/li>\n<li>Este innovadora tecnolog\u00eda permite que sea mucho m\u00e1s c\u00f3modo que los protectores de toda la vida y tambi\u00e9n mucho m\u00e1s seguro; se endurece en cuanto recibe el impacto).<\/li>\n<li>Cintura con faja el\u00e1stica extra\u00edble con doble regulaci\u00f3n de velcro.<\/li>\n<li>Relleno en PE expandido preformado.<\/li>\n<li>Correas regulables para un ajuste personalizado.<\/li>\n<li>Respaldo acolchado provisto de 2 partes extra\u00edbles y lavables.<\/li>\n<\/ul>\n","protected":false},"excerpt":{"rendered":"<p>Referencia: 0017180274 Hombreras no incluidas Se pueden desmontar f\u00e1cilmente. El panel de protecci\u00f3n frontal est\u00e1 dise\u00f1ado ergon\u00f3micamente con material resistente para mayor confort y seguridad (homologaci\u00f3n EN-14021). El protector dorsal posee la homologaci\u00f3n EN1621-2\/03 de nivel 2. El protector de espalda se puede extraer de la cubierta delantera del peto para poder utilizar el neck-brace. [&hellip;]<\/p>\n","protected":false},"featured_media":14513,"template":"","meta":{"_et_pb_use_builder":"","_et_pb_old_content":"","_et_gb_content_width":""},"product_cat":[729,33,278,166],"product_tag":[26,742,741],"_links":{"self":[{"href":"https:\/\/difrenos.com\/index.php\/wp-json\/wp\/v2\/product\/10326"}],"collection":[{"href":"https:\/\/difrenos.com\/index.php\/wp-json\/wp\/v2\/product"}],"about":[{"href":"https:\/\/difrenos.com\/index.php\/wp-json\/wp\/v2\/types\/product"}],"wp:featuredmedia":[{"embeddable":true,"href":"https:\/\/difrenos.com\/index.php\/wp-json\/wp\/v2\/media\/14513"}],"wp:attachment":[{"href":"https:\/\/difrenos.com\/index.php\/wp-json\/wp\/v2\/media?parent=10326"}],"wp:term":[{"taxonomy":"product_cat","embeddable":true,"href":"https:\/\/difrenos.com\/index.php\/wp-json\/wp\/v2\/product_cat?post=10326"},{"taxonomy":"product_tag","embeddable":true,"href":"https:\/\/difrenos.com\/index.php\/wp-json\/wp\/v2\/product_tag?post=10326"}],"curies":[{"name":"wp","href":"https:\/\/api.w.org\/{rel}","templated":true}]}}