{"id":10317,"date":"2024-01-26T14:53:47","date_gmt":"2024-01-26T14:53:47","guid":{"rendered":"https:\/\/difrenos.com\/?post_type=product&#038;p=10317"},"modified":"2025-11-19T12:10:20","modified_gmt":"2025-11-19T12:10:20","slug":"coderas-acerbis-xfit","status":"publish","type":"product","link":"https:\/\/difrenos.com\/index.php\/producto\/coderas-acerbis-xfit\/","title":{"rendered":"Coderas Acerbis X-fit"},"content":{"rendered":"<p>Referencia: 0021654090 Talla \u00fanica de adulto<\/p>\n<ul>\n<li>Suave y flexible que permite la c\u00f3moda seguridad.<\/li>\n<li>Tela de tecnolog\u00eda Dryarn para alto breathability.<\/li>\n<li>Correas de silicona ajustable para la comodidad agregada.<\/li>\n<li>Protecci\u00f3n de tecnolog\u00eda extra\u00edble P.O.I. (material el\u00e1stico del visco).<\/li>\n<li>EN 1621-1 \/ 2012 certificado.<\/li>\n<\/ul>\n","protected":false},"excerpt":{"rendered":"<p>Referencia: 0021654090 Talla \u00fanica de adulto Suave y flexible que permite la c\u00f3moda seguridad. Tela de tecnolog\u00eda Dryarn para alto breathability. Correas de silicona ajustable para la comodidad agregada. Protecci\u00f3n de tecnolog\u00eda extra\u00edble P.O.I. (material el\u00e1stico del visco). EN 1621-1 \/ 2012 certificado.<\/p>\n","protected":false},"featured_media":10318,"template":"","meta":{"_et_pb_use_builder":"","_et_pb_old_content":"","_et_gb_content_width":""},"product_cat":[729,33,241,166],"product_tag":[26,309],"_links":{"self":[{"href":"https:\/\/difrenos.com\/index.php\/wp-json\/wp\/v2\/product\/10317"}],"collection":[{"href":"https:\/\/difrenos.com\/index.php\/wp-json\/wp\/v2\/product"}],"about":[{"href":"https:\/\/difrenos.com\/index.php\/wp-json\/wp\/v2\/types\/product"}],"wp:featuredmedia":[{"embeddable":true,"href":"https:\/\/difrenos.com\/index.php\/wp-json\/wp\/v2\/media\/10318"}],"wp:attachment":[{"href":"https:\/\/difrenos.com\/index.php\/wp-json\/wp\/v2\/media?parent=10317"}],"wp:term":[{"taxonomy":"product_cat","embeddable":true,"href":"https:\/\/difrenos.com\/index.php\/wp-json\/wp\/v2\/product_cat?post=10317"},{"taxonomy":"product_tag","embeddable":true,"href":"https:\/\/difrenos.com\/index.php\/wp-json\/wp\/v2\/product_tag?post=10317"}],"curies":[{"name":"wp","href":"https:\/\/api.w.org\/{rel}","templated":true}]}}