{"id":10313,"date":"2024-01-26T14:44:52","date_gmt":"2024-01-26T14:44:52","guid":{"rendered":"https:\/\/difrenos.com\/?post_type=product&#038;p=10313"},"modified":"2025-10-23T12:03:05","modified_gmt":"2025-10-23T12:03:05","slug":"limpiador-casco-motul-m2","status":"publish","type":"product","link":"https:\/\/difrenos.com\/index.php\/producto\/limpiador-casco-motul-m2\/","title":{"rendered":"Limpiador Casco Motul M2"},"content":{"rendered":"<h5>Motul M2 Limpiador de Casco Interior es un desinfectante dise\u00f1ado para limpiar y neutralizar olores en el interior de los cascos. Su f\u00f3rmula no irritante, probada dermatol\u00f3gicamente, ofrece una acci\u00f3n inmediata y es segura para todo tipo de interiores de cascos. Ideal para mantener una sensaci\u00f3n de frescura y confort en el interior del casco.<\/h5>\n","protected":false},"excerpt":{"rendered":"<p>Motul M2 Limpiador de Casco Interior es un desinfectante dise\u00f1ado para limpiar y neutralizar olores en el interior de los cascos. Su f\u00f3rmula no irritante, probada dermatol\u00f3gicamente, ofrece una acci\u00f3n inmediata y es segura para todo tipo de interiores de cascos. Ideal para mantener una sensaci\u00f3n de frescura y confort en el interior del casco.<\/p>\n","protected":false},"featured_media":10314,"template":"","meta":{"_et_pb_use_builder":"","_et_pb_old_content":"","_et_gb_content_width":""},"product_cat":[33,43],"product_tag":[445,344,840],"_links":{"self":[{"href":"https:\/\/difrenos.com\/index.php\/wp-json\/wp\/v2\/product\/10313"}],"collection":[{"href":"https:\/\/difrenos.com\/index.php\/wp-json\/wp\/v2\/product"}],"about":[{"href":"https:\/\/difrenos.com\/index.php\/wp-json\/wp\/v2\/types\/product"}],"wp:featuredmedia":[{"embeddable":true,"href":"https:\/\/difrenos.com\/index.php\/wp-json\/wp\/v2\/media\/10314"}],"wp:attachment":[{"href":"https:\/\/difrenos.com\/index.php\/wp-json\/wp\/v2\/media?parent=10313"}],"wp:term":[{"taxonomy":"product_cat","embeddable":true,"href":"https:\/\/difrenos.com\/index.php\/wp-json\/wp\/v2\/product_cat?post=10313"},{"taxonomy":"product_tag","embeddable":true,"href":"https:\/\/difrenos.com\/index.php\/wp-json\/wp\/v2\/product_tag?post=10313"}],"curies":[{"name":"wp","href":"https:\/\/api.w.org\/{rel}","templated":true}]}}