{"id":10258,"date":"2024-01-24T12:34:50","date_gmt":"2024-01-24T12:34:50","guid":{"rendered":"https:\/\/difrenos.com\/?post_type=product&#038;p=10258"},"modified":"2026-03-09T21:13:07","modified_gmt":"2026-03-09T21:13:07","slug":"botas-gas-gas-tech-7-exc","status":"publish","type":"product","link":"https:\/\/difrenos.com\/index.php\/producto\/botas-gas-gas-tech-7-exc\/","title":{"rendered":"Botas Gas Gas Tech 7 Exc"},"content":{"rendered":"<p>Referencia: 3GG240022105 Talla 44.5\/10<\/p>\n<ul>\n<li>Botas Enduro con perfil anat\u00f3mico espec\u00edfico<\/li>\n<li>Punteras cortadas ergon\u00f3micamente<\/li>\n<li>Material de microfibra resistente a la abrasi\u00f3n y a los desgarros<\/li>\n<li>Protectores de TPU resistentes a la abrasi\u00f3n y a los impactos en la espinilla y los gemelos<\/li>\n<li>Protecci\u00f3n de acero inoxidable en tal\u00f3n y puntera<\/li>\n<li>Sistema de protecci\u00f3n de tobillo de TPU<\/li>\n<li>Material superior reforzado con PU<\/li>\n<li>Sistema de cierre de hebilla con cierres de puente en aluminio resistente a los golpes con ajustes de memoria<\/li>\n<li>Suela EXC de 2 componentes antideslizante<\/li>\n<li>92 % poliuretano \/ 6 % goma \/ 2 % cuero<\/li>\n<\/ul>\n","protected":false},"excerpt":{"rendered":"<p>Referencia: 3GG240022105 Talla 44.5\/10 Botas Enduro con perfil anat\u00f3mico espec\u00edfico Punteras cortadas ergon\u00f3micamente Material de microfibra resistente a la abrasi\u00f3n y a los desgarros Protectores de TPU resistentes a la abrasi\u00f3n y a los impactos en la espinilla y los gemelos Protecci\u00f3n de acero inoxidable en tal\u00f3n y puntera Sistema de protecci\u00f3n de tobillo de [&hellip;]<\/p>\n","protected":false},"featured_media":10261,"template":"","meta":{"_et_pb_use_builder":"","_et_pb_old_content":"","_et_gb_content_width":""},"product_cat":[221,33,34,253,707],"product_tag":[448,85,142],"_links":{"self":[{"href":"https:\/\/difrenos.com\/index.php\/wp-json\/wp\/v2\/product\/10258"}],"collection":[{"href":"https:\/\/difrenos.com\/index.php\/wp-json\/wp\/v2\/product"}],"about":[{"href":"https:\/\/difrenos.com\/index.php\/wp-json\/wp\/v2\/types\/product"}],"wp:featuredmedia":[{"embeddable":true,"href":"https:\/\/difrenos.com\/index.php\/wp-json\/wp\/v2\/media\/10261"}],"wp:attachment":[{"href":"https:\/\/difrenos.com\/index.php\/wp-json\/wp\/v2\/media?parent=10258"}],"wp:term":[{"taxonomy":"product_cat","embeddable":true,"href":"https:\/\/difrenos.com\/index.php\/wp-json\/wp\/v2\/product_cat?post=10258"},{"taxonomy":"product_tag","embeddable":true,"href":"https:\/\/difrenos.com\/index.php\/wp-json\/wp\/v2\/product_tag?post=10258"}],"curies":[{"name":"wp","href":"https:\/\/api.w.org\/{rel}","templated":true}]}}