{"id":10207,"date":"2024-01-22T17:17:04","date_gmt":"2024-01-22T17:17:04","guid":{"rendered":"https:\/\/difrenos.com\/?post_type=product&#038;p=10207"},"modified":"2025-11-26T13:48:09","modified_gmt":"2025-11-26T13:48:09","slug":"guantes-100-ridecamp","status":"publish","type":"product","link":"https:\/\/difrenos.com\/index.php\/producto\/guantes-100-ridecamp\/","title":{"rendered":"Guantes 100% Ridecamp"},"content":{"rendered":"<p>Referencia: 1001801510 Talla S<\/p>\n<p>Caracter\u00edsticas:<br \/>\n&#8211; Pu\u00f1o deslizante ergon\u00f3mico en relieve dise\u00f1ado para acomodar el reloj de entrenamiento<br \/>\n&#8211; La parte superior de nylon \/ spandex brinda comodidad y flexibilidad<br \/>\n&#8211; Palma de clarino de una capa<br \/>\n&#8211; Refuerzos de los dedos el\u00e1sticos<br \/>\n&#8211; La palma y los dedos con estampado de silicona mejoran el agarre y la tracci\u00f3n<\/p>\n","protected":false},"excerpt":{"rendered":"<p>Talla S<\/p>\n","protected":false},"featured_media":10208,"template":"","meta":{"_et_pb_use_builder":"","_et_pb_old_content":"","_et_gb_content_width":""},"product_cat":[731,33,255,100],"product_tag":[665,296,342],"_links":{"self":[{"href":"https:\/\/difrenos.com\/index.php\/wp-json\/wp\/v2\/product\/10207"}],"collection":[{"href":"https:\/\/difrenos.com\/index.php\/wp-json\/wp\/v2\/product"}],"about":[{"href":"https:\/\/difrenos.com\/index.php\/wp-json\/wp\/v2\/types\/product"}],"wp:featuredmedia":[{"embeddable":true,"href":"https:\/\/difrenos.com\/index.php\/wp-json\/wp\/v2\/media\/10208"}],"wp:attachment":[{"href":"https:\/\/difrenos.com\/index.php\/wp-json\/wp\/v2\/media?parent=10207"}],"wp:term":[{"taxonomy":"product_cat","embeddable":true,"href":"https:\/\/difrenos.com\/index.php\/wp-json\/wp\/v2\/product_cat?post=10207"},{"taxonomy":"product_tag","embeddable":true,"href":"https:\/\/difrenos.com\/index.php\/wp-json\/wp\/v2\/product_tag?post=10207"}],"curies":[{"name":"wp","href":"https:\/\/api.w.org\/{rel}","templated":true}]}}