{"id":10191,"date":"2024-01-19T14:43:28","date_gmt":"2024-01-19T14:43:28","guid":{"rendered":"https:\/\/difrenos.com\/?post_type=product&#038;p=10191"},"modified":"2026-03-30T10:58:19","modified_gmt":"2026-03-30T10:58:19","slug":"guantes-100-cognito-2","status":"publish","type":"product","link":"https:\/\/difrenos.com\/index.php\/producto\/guantes-100-cognito-2\/","title":{"rendered":"Guantes 100% Cognito"},"content":{"rendered":"<p>Referencias:<\/p>\n<p>1001321610 Talla S Verde<\/p>\n<p>\u2022\u00a0El pu\u00f1o de neopreno en relieve especial ofrece estilo con m\u00e1xima durabilidad y comodidad<br \/>\n\u2022\u00a0Parte superior el\u00e1stica de 4 v\u00edas para aumentar la resistencia a la abrasi\u00f3n<br \/>\n\u2022 Nudillos Smart Shock para una protecci\u00f3n contra impactos<br \/>\n\u2022 Cierre de mu\u00f1eca ajustable en TPR\u00a0para un ajuste adecuado<br \/>\n\u2022\u00a0Los refuerzos de malla en los dedos mejoran la movilidad y eliminan la humedad<br \/>\n\u2022\u00a0La superposici\u00f3n del pulgar ayuda a reducir las ampollas<br \/>\n\u2022\u00a0Palma en Clarino de una sola capa perforada para un flujo de aire superior y mayor comodidad<br \/>\n\u2022 Gr\u00e1ficos de silicona impresos en la palma y dedos que aumentan el agarre<br \/>\n\u2022\u00a0Compatible con dispositivos t\u00e1ctiles<\/p>\n","protected":false},"excerpt":{"rendered":"<p>Referencias: 1001321610 Talla S Verde \u2022\u00a0El pu\u00f1o de neopreno en relieve especial ofrece estilo con m\u00e1xima durabilidad y comodidad \u2022\u00a0Parte superior el\u00e1stica de 4 v\u00edas para aumentar la resistencia a la abrasi\u00f3n \u2022 Nudillos Smart Shock para una protecci\u00f3n contra impactos \u2022 Cierre de mu\u00f1eca ajustable en TPR\u00a0para un ajuste adecuado \u2022\u00a0Los refuerzos de malla [&hellip;]<\/p>\n","protected":false},"featured_media":10193,"template":"","meta":{"_et_pb_use_builder":"","_et_pb_old_content":"","_et_gb_content_width":""},"product_cat":[731,33,255,100],"product_tag":[665,142,309],"_links":{"self":[{"href":"https:\/\/difrenos.com\/index.php\/wp-json\/wp\/v2\/product\/10191"}],"collection":[{"href":"https:\/\/difrenos.com\/index.php\/wp-json\/wp\/v2\/product"}],"about":[{"href":"https:\/\/difrenos.com\/index.php\/wp-json\/wp\/v2\/types\/product"}],"wp:featuredmedia":[{"embeddable":true,"href":"https:\/\/difrenos.com\/index.php\/wp-json\/wp\/v2\/media\/10193"}],"wp:attachment":[{"href":"https:\/\/difrenos.com\/index.php\/wp-json\/wp\/v2\/media?parent=10191"}],"wp:term":[{"taxonomy":"product_cat","embeddable":true,"href":"https:\/\/difrenos.com\/index.php\/wp-json\/wp\/v2\/product_cat?post=10191"},{"taxonomy":"product_tag","embeddable":true,"href":"https:\/\/difrenos.com\/index.php\/wp-json\/wp\/v2\/product_tag?post=10191"}],"curies":[{"name":"wp","href":"https:\/\/api.w.org\/{rel}","templated":true}]}}