{"id":10165,"date":"2024-01-19T14:05:53","date_gmt":"2024-01-19T14:05:53","guid":{"rendered":"https:\/\/difrenos.com\/?post_type=product&#038;p=10165"},"modified":"2025-10-29T11:01:27","modified_gmt":"2025-10-29T11:01:27","slug":"guantes-100-brisker-2","status":"publish","type":"product","link":"https:\/\/difrenos.com\/index.php\/producto\/guantes-100-brisker-2\/","title":{"rendered":"Guantes 100% Brisker"},"content":{"rendered":"<p>Referencia: 1001605713 Talla XL<\/p>\n<p>\u2022 Pu\u00f1o de neopreno con un aspecto aerodin\u00e1mico al tiempo que ofrece la m\u00e1xima durabilidad y comodidad<br \/>\n\u2022 Cierre de mu\u00f1eca ajustable en TPR\u00a0para un ajuste adecuado<br \/>\n\u2022 Parte superior con\u00a0acolchado blando y ligeramente aislada para protecci\u00f3n contra temperaturas m\u00e1s fr\u00edas<br \/>\n\u2022 Interior de microfibra que absorbe la humedad proporciona el nivel perfecto de aislamiento<br \/>\n\u2022\u00a0Zonas reflectantes en parte superior<br \/>\n\u2022\u00a0Palma en Clarion de una sola capa para mayor comodidad y rendimiento<br \/>\n\u2022 Gr\u00e1ficos de silicona impresos en la palma que aumentan el agarre en condiciones de humedad<br \/>\n\u2022\u00a0Compatible con dispositivos t\u00e1ctiles<\/p>\n","protected":false},"excerpt":{"rendered":"<p>Referencia: 1001605713 Talla XL \u2022 Pu\u00f1o de neopreno con un aspecto aerodin\u00e1mico al tiempo que ofrece la m\u00e1xima durabilidad y comodidad \u2022 Cierre de mu\u00f1eca ajustable en TPR\u00a0para un ajuste adecuado \u2022 Parte superior con\u00a0acolchado blando y ligeramente aislada para protecci\u00f3n contra temperaturas m\u00e1s fr\u00edas \u2022 Interior de microfibra que absorbe la humedad proporciona el [&hellip;]<\/p>\n","protected":false},"featured_media":10166,"template":"","meta":{"_et_pb_use_builder":"","_et_pb_old_content":"","_et_gb_content_width":""},"product_cat":[731,33,255,100],"product_tag":[665,342,732],"_links":{"self":[{"href":"https:\/\/difrenos.com\/index.php\/wp-json\/wp\/v2\/product\/10165"}],"collection":[{"href":"https:\/\/difrenos.com\/index.php\/wp-json\/wp\/v2\/product"}],"about":[{"href":"https:\/\/difrenos.com\/index.php\/wp-json\/wp\/v2\/types\/product"}],"wp:featuredmedia":[{"embeddable":true,"href":"https:\/\/difrenos.com\/index.php\/wp-json\/wp\/v2\/media\/10166"}],"wp:attachment":[{"href":"https:\/\/difrenos.com\/index.php\/wp-json\/wp\/v2\/media?parent=10165"}],"wp:term":[{"taxonomy":"product_cat","embeddable":true,"href":"https:\/\/difrenos.com\/index.php\/wp-json\/wp\/v2\/product_cat?post=10165"},{"taxonomy":"product_tag","embeddable":true,"href":"https:\/\/difrenos.com\/index.php\/wp-json\/wp\/v2\/product_tag?post=10165"}],"curies":[{"name":"wp","href":"https:\/\/api.w.org\/{rel}","templated":true}]}}