{"id":10083,"date":"2024-01-15T18:22:53","date_gmt":"2024-01-15T18:22:53","guid":{"rendered":"https:\/\/difrenos.com\/?post_type=product&#038;p=10083"},"modified":"2026-02-06T12:28:09","modified_gmt":"2026-02-06T12:28:09","slug":"casco-husqvarna-spark-2","status":"publish","type":"product","link":"https:\/\/difrenos.com\/index.php\/producto\/casco-husqvarna-spark-2\/","title":{"rendered":"Casco Husqvarna Spark 2"},"content":{"rendered":"<p>Referencia: 3HS240011204 Talla L\/59-60<\/p>\n<ul>\n<li>Casco urbano vers\u00e1til y econ\u00f3mico, con un magn\u00edfico equipamiento<\/li>\n<li>Eficaz sistema de ventilaci\u00f3n y aireaci\u00f3n<\/li>\n<li>Acolchado para las mejillas con forro interior extra\u00edble, lavable e hidr\u00f3fugo<\/li>\n<li>Dos tama\u00f1os de calota<\/li>\n<li>Visera de doble pantalla resistente a los rasgu\u00f1os<\/li>\n<li>E. Q. R. S. (Emergency Quick Release System) (acolchado en las mejillas para extraer)<\/li>\n<li>Visera de cambio r\u00e1pido<\/li>\n<li>Visera solar integrada<\/li>\n<li>L\u00e1mina antivaho Pinlock\u00ae Max Vision incluida<\/li>\n<li>Peso 1.450 g (\u00b1 50 g)<\/li>\n<li>Dise\u00f1o exclusivo de Airoh para KTM<\/li>\n<\/ul>\n<p>&nbsp;<\/p>\n","protected":false},"excerpt":{"rendered":"<p>Talla L<\/p>\n","protected":false},"featured_media":10086,"template":"","meta":{"_et_pb_use_builder":"","_et_pb_old_content":"","_et_gb_content_width":""},"product_cat":[33,227,721,43,701,269],"product_tag":[27,41,108],"_links":{"self":[{"href":"https:\/\/difrenos.com\/index.php\/wp-json\/wp\/v2\/product\/10083"}],"collection":[{"href":"https:\/\/difrenos.com\/index.php\/wp-json\/wp\/v2\/product"}],"about":[{"href":"https:\/\/difrenos.com\/index.php\/wp-json\/wp\/v2\/types\/product"}],"wp:featuredmedia":[{"embeddable":true,"href":"https:\/\/difrenos.com\/index.php\/wp-json\/wp\/v2\/media\/10086"}],"wp:attachment":[{"href":"https:\/\/difrenos.com\/index.php\/wp-json\/wp\/v2\/media?parent=10083"}],"wp:term":[{"taxonomy":"product_cat","embeddable":true,"href":"https:\/\/difrenos.com\/index.php\/wp-json\/wp\/v2\/product_cat?post=10083"},{"taxonomy":"product_tag","embeddable":true,"href":"https:\/\/difrenos.com\/index.php\/wp-json\/wp\/v2\/product_tag?post=10083"}],"curies":[{"name":"wp","href":"https:\/\/api.w.org\/{rel}","templated":true}]}}