{"id":10078,"date":"2024-01-12T14:38:49","date_gmt":"2024-01-12T14:38:49","guid":{"rendered":"https:\/\/difrenos.com\/?post_type=product&#038;p=10078"},"modified":"2026-03-26T12:04:43","modified_gmt":"2026-03-26T12:04:43","slug":"gafas-100-strata-2-summit","status":"publish","type":"product","link":"https:\/\/difrenos.com\/index.php\/producto\/gafas-100-strata-2-summit\/","title":{"rendered":"Gafas 100% Strata 2 Summit"},"content":{"rendered":"<p>Referencia: 5002800011<\/p>\n<p>\u2022\u00a0Montaje y sellado mejorados con un mayor campo de visi\u00f3n<br \/>\n\u2022 Tet\u00f3n triple para la instalaci\u00f3n de l\u00e1minas Tear Off<br \/>\n\u2022\u00a0Espuma de doble capa para controlar el sudor<br \/>\n\u2022 Cinta de ajuste de 40mm con silicona antideslizante en su cara interior<br \/>\n\u2022\u00a0Sistema de ajuste de 9 puntos que aseguran la fijaci\u00f3n de la lente a la montura<br \/>\n\u2022\u00a0Lente de policarbonato con revestimiento antivaho para una visi\u00f3n clara<\/p>\n","protected":false},"excerpt":{"rendered":"<p>Lente ahumada<\/p>\n","protected":false},"featured_media":10079,"template":"","meta":{"_et_pb_use_builder":"","_et_pb_old_content":"","_et_gb_content_width":""},"product_cat":[215,33,257],"product_tag":[665,296,414],"_links":{"self":[{"href":"https:\/\/difrenos.com\/index.php\/wp-json\/wp\/v2\/product\/10078"}],"collection":[{"href":"https:\/\/difrenos.com\/index.php\/wp-json\/wp\/v2\/product"}],"about":[{"href":"https:\/\/difrenos.com\/index.php\/wp-json\/wp\/v2\/types\/product"}],"wp:featuredmedia":[{"embeddable":true,"href":"https:\/\/difrenos.com\/index.php\/wp-json\/wp\/v2\/media\/10079"}],"wp:attachment":[{"href":"https:\/\/difrenos.com\/index.php\/wp-json\/wp\/v2\/media?parent=10078"}],"wp:term":[{"taxonomy":"product_cat","embeddable":true,"href":"https:\/\/difrenos.com\/index.php\/wp-json\/wp\/v2\/product_cat?post=10078"},{"taxonomy":"product_tag","embeddable":true,"href":"https:\/\/difrenos.com\/index.php\/wp-json\/wp\/v2\/product_tag?post=10078"}],"curies":[{"name":"wp","href":"https:\/\/api.w.org\/{rel}","templated":true}]}}