{"id":10054,"date":"2024-01-11T14:03:44","date_gmt":"2024-01-11T14:03:44","guid":{"rendered":"https:\/\/difrenos.com\/?post_type=product&#038;p=10054"},"modified":"2026-02-16T13:01:02","modified_gmt":"2026-02-16T13:01:02","slug":"guantes-lem-city","status":"publish","type":"product","link":"https:\/\/difrenos.com\/index.php\/producto\/guantes-lem-city\/","title":{"rendered":"Guantes Lem City"},"content":{"rendered":"<p>Referencias:<br \/>\n&#8211; LW409XLN Talla XL<br \/>\n&#8211; LW409XXLN Talla XXL<\/p>\n<ul>\n<li>Exterior de tejido el\u00e1stico<\/li>\n<li>Zona de dedos compatible con pantallas t\u00e1ctiles<\/li>\n<li>Palma en piel<\/li>\n<li>Acolchado t\u00e9rmico Thinsulate<\/li>\n<li>Forro en tejido soft<\/li>\n<li>Ajuste con el\u00e1stico en la mu\u00f1eca<\/li>\n<li>Membrana Hi-Tex 100% impermeable<\/li>\n<\/ul>\n","protected":false},"excerpt":{"rendered":"<p>Referencias: &#8211; LW409XLN Talla XL &#8211; LW409XXLN Talla XXL Exterior de tejido el\u00e1stico Zona de dedos compatible con pantallas t\u00e1ctiles Palma en piel Acolchado t\u00e9rmico Thinsulate Forro en tejido soft Ajuste con el\u00e1stico en la mu\u00f1eca Membrana Hi-Tex 100% impermeable<\/p>\n","protected":false},"featured_media":10055,"template":"","meta":{"_et_pb_use_builder":"","_et_pb_old_content":"","_et_gb_content_width":""},"product_cat":[33,230,100],"product_tag":[41,435,342,683],"_links":{"self":[{"href":"https:\/\/difrenos.com\/index.php\/wp-json\/wp\/v2\/product\/10054"}],"collection":[{"href":"https:\/\/difrenos.com\/index.php\/wp-json\/wp\/v2\/product"}],"about":[{"href":"https:\/\/difrenos.com\/index.php\/wp-json\/wp\/v2\/types\/product"}],"wp:featuredmedia":[{"embeddable":true,"href":"https:\/\/difrenos.com\/index.php\/wp-json\/wp\/v2\/media\/10055"}],"wp:attachment":[{"href":"https:\/\/difrenos.com\/index.php\/wp-json\/wp\/v2\/media?parent=10054"}],"wp:term":[{"taxonomy":"product_cat","embeddable":true,"href":"https:\/\/difrenos.com\/index.php\/wp-json\/wp\/v2\/product_cat?post=10054"},{"taxonomy":"product_tag","embeddable":true,"href":"https:\/\/difrenos.com\/index.php\/wp-json\/wp\/v2\/product_tag?post=10054"}],"curies":[{"name":"wp","href":"https:\/\/api.w.org\/{rel}","templated":true}]}}