{"id":8777,"date":"2023-07-26T15:02:41","date_gmt":"2023-07-26T15:02:41","guid":{"rendered":"https:\/\/difrenos.com\/?page_id=8777"},"modified":"2025-08-27T15:06:44","modified_gmt":"2025-08-27T15:06:44","slug":"condiciones-de-venta","status":"publish","type":"page","link":"https:\/\/difrenos.com\/index.php\/condiciones-de-venta\/","title":{"rendered":"Condiciones de venta"},"content":{"rendered":"<h2>Precios<\/h2>\n<p>Se entiende por unidades y Euros\/USD.<\/p>\n<p>Ser\u00e1n los que figuren en nuestra tarifa vigente en el momento de la aceptaci\u00f3n del pedido.<\/p>\n<p>Los precios de venta podr\u00e1n ser modificados sin previo aviso, si\u00e9ndoles notificados a la mayor brevedad posible, si bien, se respetar\u00e1n los compromisos adquiridos con los clientes en el momento de realizaci\u00f3n de la compra.<\/p>\n<p>Los precios de motocicletas publicados no incluyen gastos de gesti\u00f3n de matriculaci\u00f3n o transferencia, a no ser que venga expresamente indicado en el anuncio del veh\u00edculo.<\/p>\n<h2>Pedidos<\/h2>\n<p>No existe importe m\u00ednimo de compra para el suministro de pedidos.<\/p>\n<h2>Impuestos<\/h2>\n<p>A cargo del comprador. Todos los precios llevan el IVA incluido.<\/p>\n<h2>Portes<\/h2>\n<p>Ser\u00e1n a cargo del comprador, para pedidos superiores a 250\u20ac de recambios, accesorios o equipaci\u00f3n, los portes ser\u00e1n gratis. Los pedidos de equipaci\u00f3n, recambios y accesorios que se hayan efectuado hasta las 13:00 horas del d\u00eda en curso, se mandar\u00e1n en ese mismo d\u00eda mediante la mensajer\u00eda Tipsa, si el pedido se efect\u00faa despu\u00e9s de las 13:00 horas se mandar\u00e1n al d\u00eda siguiente laborable.<br \/>\nPara motocicletas, se gestionar\u00e1 y coordinar\u00e1 cada env\u00edo individual con las empresas de transporte concertadas y el cliente. Para recogidas en tienda, una vez recibido el pago, podr\u00e1s pasar a recoger el pedido en el plazo de una hora desde que se haya efectuado el pago<\/p>\n<ul>\n<li>TARIFAS:<br \/>\nEquipaci\u00f3n, recambios y accesorios el precio es de 7,95\u20ac<br \/>\nMotocicletas dentro de la pen\u00ednsula: 100\u20ac<br \/>\nMotocicletas Islas Canarias e Islas Baleares: 319\u20ac<br \/>\nEbike pen\u00ednsula: 59\u20ac<br \/>\n(No hacemos env\u00edos internacionales)<\/li>\n<\/ul>\n<h2>Embalaje<\/h2>\n<p>Los pedidos se servir\u00e1n perfectamente embalados para evitar cualquier tipo de da\u00f1o durante su transporte.<\/p>\n<p>En caso de recepci\u00f3n de mercanc\u00eda da\u00f1ada o defectuosa, el cliente deber\u00e1 notificar los da\u00f1os en el transporte o mercanc\u00eda incompleta en durante las siguientes 24h a la recepci\u00f3n de su pedido.<\/p>\n<h2>Expediciones<\/h2>\n<p>La mercanc\u00eda viaja, siempre, por cuenta y riesgo del comprador, a\u00fan en el caso de convenios especiales.<\/p>\n<h2>Modificaci\u00f3n o cancelaci\u00f3n de pedidos<\/h2>\n<p>No se aceptar\u00e1n cambios ni cancelaciones en los pedidos una vez hayan sido preparados en almac\u00e9n.<\/p>\n<p>Las solicitudes de cambios o cancelaciones de pedidos deber\u00e1n realizarse enviando un correo a: df@difrenos.com.<\/p>\n<h2>Devoluciones<\/h2>\n<p>Los clientes particulares dispondr\u00e1n de un plazo de 30 d\u00edas naturales para notificar su deseo de desistimiento de uno o varios productos de su pedido<strong>\u00a0<\/strong>a excepci\u00f3n de piezas de Recambio original, en cuyo caso el plazo de devoluci\u00f3n ser\u00e1 de 14 d\u00edas naturales.<\/p>\n<p>* Las devoluciones posteriores al plazo de 30 d\u00edas, deber\u00e1n ser estudiadas individualmente, y en caso de posible aceptaci\u00f3n, llevar\u00e1n un recargo en funci\u00f3n de cada caso concreto.<\/p>\n<p>*Las devoluciones de equipaci\u00f3n, recambios y accesorios que se tengan que hacer mediante mensajer\u00eda, tendr\u00e1n un coste de 7,95\u20ac.<\/p>\n<p><strong>Excepciones<\/strong><\/p>\n<p>Tal y como establece el art\u00edculo 103 del Real Decreto Legislativo 1\/2007, de 16 de noviembre, por el que se aprueba el texto refundido de la Ley General para la defensa de los Consumidores y Usuarios y otras leyes complementarios, no se aceptar\u00e1n devoluciones de los siguientes productos:<\/p>\n<p>\u00b7 Productos usados, manipulados, abiertos o que no conserven su embalaje y\/o etiquetado original.<br \/>\n\u00b7 Productos o piezas pedidas a fabricante bajo petici\u00f3n expresa del cliente, tales como Recambios Originales, productos con tallas o medidas especiales o poco frecuentes, que en el momento de la compra no aparezcan con la opci\u00f3n \u00abEn Stock. Para env\u00edo inmediato\u00bb.<br \/>\n\u00b7 Productos de material el\u00e9ctrico ni bater\u00edas.<br \/>\n\u00b7 Tarjetas Regalo.<\/p>\n<p>Motos Difrenos se reserva el derecho a poder declinar una petici\u00f3n de cambio\/devoluci\u00f3n, o aplicar alg\u00fan recargo, si se incumple alguno de los puntos de los apartados anteriores.<\/p>\n<p>En caso de recepci\u00f3n de mercanc\u00eda da\u00f1ada o defectuosa, el cliente deber\u00e1 notificar los da\u00f1os en el transporte o mercanc\u00eda incompleta en durante las siguientes 24h a la recepci\u00f3n de su pedido.<\/p>\n<h2>Se\u00f1ales de reserva<\/h2>\n<p>Existe la posibilidad de hacer reserva de motocicletas y bicicletas por 100\u20ac cada unidad que se quiera reservar. Esta se\u00f1al ser\u00e1 v\u00e1lida durante siete d\u00edas naturales, transcurridos los cuales, si no se ha finalizado la compra del veh\u00edculo, no se devolver\u00e1 dicho importe.<\/p>\n<h2>Garant\u00eda<\/h2>\n<p>La Ley General para la Defensa de los Consumidores y Usuarios (TRLGDCU) establece un periodo m\u00ednimo de dos a\u00f1os de garant\u00eda, independientemente de la garant\u00eda ofrecida por el fabricante en la ficha del producto. El consumidor puede dirigirse tanto al vendedor como al fabricante del producto durante este periodo. En caso de producto defectuoso, el vendedor deber\u00e1 proceder, seg\u00fan corresponda, a la reparaci\u00f3n, sustituci\u00f3n, rebaja del precio o resoluci\u00f3n del contrato, gestiones que ser\u00e1n gratuitas para el consumidor y usuario. Es imprescindible que el consumidor y usuario haya informado previamente al vendedor en el plazo de 2 meses desde que tuvo conocimiento de la falta de conformidad.<\/p>\n<p>La garant\u00eda se aplica siempre y cuando el producto sea utilizado bajo las condiciones normales de explotaci\u00f3n determinadas por los fabricantes. GLM Commerce, SL no est\u00e1 obligado a indemnizar al usuario o a terceros por las consecuencias del uso del producto, ya sean da\u00f1os directos o indirectos, accidentes sufridos por personas, da\u00f1os a los bienes ajenos al producto, p\u00e9rdidas de beneficio o lucro cesante, da\u00f1os que provengan de un deterioro o p\u00e9rdidas de datos.<\/p>\n<p>Si el defecto de un producto sale a la luz durante los primeros 6 meses desde la entrega del bien, se presume que la anomal\u00eda ya exist\u00eda cuando lo compr\u00f3 y el consumidor no tiene que probar nada. Sin embargo, cuando la falta de conformidad se manifiesta con posterioridad a los 6 meses y en casos dudosos, el fabricante o el vendedor podr\u00edan exigir un informe pericial independiente para tramitar la garant\u00eda. En casos obvios de mal funcionamiento o funcionamiento irregular en per\u00edodo de garant\u00eda no hay ning\u00fan tipo de problema.<\/p>\n<p>&nbsp;<\/p>\n<h2>Seguro<\/h2>\n<p>Todos los art\u00edculos de venta est\u00e1n amparados por un seguro de responsabilidad civil.<\/p>\n<h2>Propiedad de la Mercanc\u00eda<\/h2>\n<p>Motos Difrenos se reserva el derecho de propiedad de la mercanc\u00eda suministrada hasta que el comprador no haya satisfecho totalmente el importe de la misma, en cuyo caso se considerar\u00e1 en concepto de dep\u00f3sito y custodia. La mercanc\u00eda podr\u00e1 ser retirada por incumplimiento de pago en el plazo previamente estipulado.<\/p>\n<h2>Limitaci\u00f3n de la responsabilidad<\/h2>\n<p>Racing Trial Team, S.L,\u00a0 no garantiza que la informaci\u00f3n suministrada en esta tienda online sea totalmente completa o actual, si bien, se intentar\u00e1 ofrecer la informaci\u00f3n veraz y ajustada a la realidad, teniendo en cuenta el estado de la tecnolog\u00eda. Recomendamos la consulta de la web del fabricante de cada producto para cerciorar la perfecta adecuaci\u00f3n del producto al prop\u00f3sito deseado por el usuario.<\/p>\n<p>Salvo en los casos en que se indique expresamente, ni Racing Trial Team, S.L ni ninguno de sus directores, empleados o representantes ser\u00e1n responsables de los posibles da\u00f1os derivados del uso de este sitio. En concreto no ser\u00e1n responsables de los posibles da\u00f1os causados a personas y\/o cosas, ni de la p\u00e9rdida total o parcial de datos e informaci\u00f3n, ni de los gastos y\/o p\u00e9rdidas de beneficios que pudieran producirse por el uso de los productos que comercializa Racing Trial Team, S.L<\/p>\n<p>Racing Trial Team, SL no es responsable de los contenidos de otras p\u00e1ginas web enlazadas a este sitio. Los riesgos derivados de la consulta de tales p\u00e1ginas corresponden exclusivamente al cliente que deber\u00e1 regirse por los t\u00e9rminos y condiciones de utilizaci\u00f3n de las mismas.<\/p>\n<p>Los precios, las caracter\u00edsticas y la disponibilidad de los productos comercializados por Racing Trial Team, S.L pueden sufrir cambios, que ser\u00e1n publicados oportunamente.<\/p>\n<h2>Jurisdicci\u00f3n<\/h2>\n<p>Estas Condiciones Generales se rigen por la ley espa\u00f1ola. Las partes se someten, a su elecci\u00f3n, para la resoluci\u00f3n de los conflictos y con renuncia a cualquier otro fuero, a los juzgados y tribunales del domicilio del usuario.<\/p>\n<p>Los comerciantes establecidos en la UE que celebren contratos de compraventa o de prestaci\u00f3n de servicios en l\u00ednea ofrecer\u00e1n en sus sitios de web un enlace electr\u00f3nico a la plataforma de resoluci\u00f3n de litigios en l\u00ednea.<\/p>\n<p><a href=\"https:\/\/ec.europa.eu\/consumers\/odr\/main\/index.cfm?event=main.home.show&amp;lng=ES\" target=\"_blank\" rel=\"noopener\">https:\/\/ec.europa.eu\/consumers\/odr\/main\/index.cfm?event=main.home.show&amp;lng=ES<\/a><\/p>\n","protected":false},"excerpt":{"rendered":"<p>Precios Se entiende por unidades y Euros\/USD. Ser\u00e1n los que figuren en nuestra tarifa vigente en el momento de la aceptaci\u00f3n del pedido. Los precios de venta podr\u00e1n ser modificados sin previo aviso, si\u00e9ndoles notificados a la mayor brevedad posible, si bien, se respetar\u00e1n los compromisos adquiridos con los clientes en el momento de realizaci\u00f3n [&hellip;]<\/p>\n","protected":false},"author":4,"featured_media":0,"parent":0,"menu_order":0,"comment_status":"closed","ping_status":"closed","template":"","meta":{"_et_pb_use_builder":"","_et_pb_old_content":"","_et_gb_content_width":""},"_links":{"self":[{"href":"https:\/\/difrenos.com\/index.php\/wp-json\/wp\/v2\/pages\/8777"}],"collection":[{"href":"https:\/\/difrenos.com\/index.php\/wp-json\/wp\/v2\/pages"}],"about":[{"href":"https:\/\/difrenos.com\/index.php\/wp-json\/wp\/v2\/types\/page"}],"author":[{"embeddable":true,"href":"https:\/\/difrenos.com\/index.php\/wp-json\/wp\/v2\/users\/4"}],"replies":[{"embeddable":true,"href":"https:\/\/difrenos.com\/index.php\/wp-json\/wp\/v2\/comments?post=8777"}],"version-history":[{"count":6,"href":"https:\/\/difrenos.com\/index.php\/wp-json\/wp\/v2\/pages\/8777\/revisions"}],"predecessor-version":[{"id":21552,"href":"https:\/\/difrenos.com\/index.php\/wp-json\/wp\/v2\/pages\/8777\/revisions\/21552"}],"wp:attachment":[{"href":"https:\/\/difrenos.com\/index.php\/wp-json\/wp\/v2\/media?parent=8777"}],"curies":[{"name":"wp","href":"https:\/\/api.w.org\/{rel}","templated":true}]}}