{"id":8097,"date":"2023-05-30T09:24:31","date_gmt":"2023-05-30T09:24:31","guid":{"rendered":"https:\/\/difrenos.com\/?page_id=8097"},"modified":"2023-09-08T10:12:20","modified_gmt":"2023-09-08T10:12:20","slug":"condiciones-de-garantia-motos-de-ocasion","status":"publish","type":"page","link":"https:\/\/difrenos.com\/index.php\/condiciones-de-garantia-motos-de-ocasion\/","title":{"rendered":"Condiciones de garant\u00eda motos de ocasi\u00f3n"},"content":{"rendered":"<p><strong>CONDICIONES DE GARANTIA VEHICULOS DE OCASI\u00d3N<\/strong><\/p>\n<p>El plazo de la garant\u00eda pactado es de 12 meses a partir de la fecha de factura.<\/p>\n<p>La garant\u00eda de motos de ocasi\u00f3n solamente incluye defecto ocultos.<\/p>\n<p>El beneficiario de la garant\u00eda es el comprador y titular del veh\u00edculo.<\/p>\n<p>En caso de falta de conformidad con el bien adquirido, damos un plazo de 7 d\u00edas para devolver el veh\u00edculo, siempre que est\u00e9 en las mismas condiciones que cuando se entreg\u00f3 dicho veh\u00edculo, y un m\u00e1ximo de 100km, una vez pasado este periodo de devoluci\u00f3n entrar\u00e1 en vigor el periodo de garant\u00eda.<\/p>\n<p>El comprador tendr\u00e1 derecho a la reparaci\u00f3n del veh\u00edculo por cuenta del vendedor, pactando en este caso, la posibilidad de incorporar piezas reacondicionadas o usadas siempre y cuando sean t\u00e9cnicamente actas y cumplan las mismas funciones que las sustituidas. En caso de poner piezas nuevas, el vendedor se reserva el derecho de poner cobrar al comprador una parte del coste de las piezas , dependiendo del desgaste por a\u00f1o y kil\u00f3metros\u00a0 que tenga el veh\u00edculo.<\/p>\n<p>La bater\u00eda tiene 6 meses de garant\u00eda y es necesario hacer un uso habitual de la moto.<\/p>\n<p>Para gestionar cualquier garant\u00eda, la moto tiene que traerse a nuestras instalaciones donde tenemos realizar la reparaci\u00f3n obligatoriamente.<\/p>\n<p>Quedar\u00e1 exenta de garant\u00eda todo veh\u00edculo que podamos verificar que ha sido manipulado mec\u00e1nica\/electr\u00f3nicamente.<\/p>\n<p>La moto tendr\u00e1 que pasar las revisiones que indique el fabricante.<\/p>\n<p>No se incluye en estas condiciones las garant\u00edas de veh\u00edculos de competici\u00f3n, trial , enduro o cross, en estos casos consultar cada caso.<\/p>\n","protected":false},"excerpt":{"rendered":"<p>CONDICIONES DE GARANTIA VEHICULOS DE OCASI\u00d3N El plazo de la garant\u00eda pactado es de 12 meses a partir de la fecha de factura. La garant\u00eda de motos de ocasi\u00f3n solamente incluye defecto ocultos. El beneficiario de la garant\u00eda es el comprador y titular del veh\u00edculo. En caso de falta de conformidad con el bien adquirido, [&hellip;]<\/p>\n","protected":false},"author":4,"featured_media":0,"parent":0,"menu_order":0,"comment_status":"closed","ping_status":"closed","template":"","meta":{"_et_pb_use_builder":"","_et_pb_old_content":"","_et_gb_content_width":""},"_links":{"self":[{"href":"https:\/\/difrenos.com\/index.php\/wp-json\/wp\/v2\/pages\/8097"}],"collection":[{"href":"https:\/\/difrenos.com\/index.php\/wp-json\/wp\/v2\/pages"}],"about":[{"href":"https:\/\/difrenos.com\/index.php\/wp-json\/wp\/v2\/types\/page"}],"author":[{"embeddable":true,"href":"https:\/\/difrenos.com\/index.php\/wp-json\/wp\/v2\/users\/4"}],"replies":[{"embeddable":true,"href":"https:\/\/difrenos.com\/index.php\/wp-json\/wp\/v2\/comments?post=8097"}],"version-history":[{"count":2,"href":"https:\/\/difrenos.com\/index.php\/wp-json\/wp\/v2\/pages\/8097\/revisions"}],"predecessor-version":[{"id":9070,"href":"https:\/\/difrenos.com\/index.php\/wp-json\/wp\/v2\/pages\/8097\/revisions\/9070"}],"wp:attachment":[{"href":"https:\/\/difrenos.com\/index.php\/wp-json\/wp\/v2\/media?parent=8097"}],"curies":[{"name":"wp","href":"https:\/\/api.w.org\/{rel}","templated":true}]}}