{"id":7806,"date":"2023-04-12T11:30:15","date_gmt":"2023-04-12T11:30:15","guid":{"rendered":"https:\/\/difrenos.com\/?page_id=7806"},"modified":"2023-09-08T10:12:43","modified_gmt":"2023-09-08T10:12:43","slug":"condiciones-de-garantia-motos-enduro-motocross-trial-de-ocasion","status":"publish","type":"page","link":"https:\/\/difrenos.com\/index.php\/condiciones-de-garantia-motos-enduro-motocross-trial-de-ocasion\/","title":{"rendered":"Condiciones de garant\u00eda motos enduro, motocross y trial de ocasi\u00f3n"},"content":{"rendered":"<p>Las motos de ENDURO, MOTOCROSS Y TRIAL son motos de competici\u00f3n, no entran dentro de las condiciones de garant\u00eda del resto de veh\u00edculos de ocasi\u00f3n.<\/p>\n<p>En MOTOS DIFRENOS damos 5 d\u00edas de prueba, para que compruebes que la moto est\u00e1 en correctas condiciones.<\/p>\n<p>Si en ese plazo no est\u00e1s conforme con la moto, nos traes la moto a tienda y te devolvemos el importe de la compra, siempre que la moto venga en las mismas condiciones de aspecto y de mec\u00e1nica que cuando te la entregamos (excepto si son defectos que no hab\u00edamos visto y por los cuales nos devuelves la moto) Se descontar\u00e1 del abono todos los desperfectos de aspecto o mec\u00e1nicos causados por el cliente.<\/p>\n<p>No iclu\u00eddo gastos de transporte ni gastos de transferencia<\/p>\n","protected":false},"excerpt":{"rendered":"<p>Las motos de ENDURO, MOTOCROSS Y TRIAL son motos de competici\u00f3n, no entran dentro de las condiciones de garant\u00eda del resto de veh\u00edculos de ocasi\u00f3n. En MOTOS DIFRENOS damos 5 d\u00edas de prueba, para que compruebes que la moto est\u00e1 en correctas condiciones. Si en ese plazo no est\u00e1s conforme con la moto, nos traes [&hellip;]<\/p>\n","protected":false},"author":4,"featured_media":0,"parent":0,"menu_order":0,"comment_status":"closed","ping_status":"closed","template":"","meta":{"_et_pb_use_builder":"","_et_pb_old_content":"","_et_gb_content_width":""},"_links":{"self":[{"href":"https:\/\/difrenos.com\/index.php\/wp-json\/wp\/v2\/pages\/7806"}],"collection":[{"href":"https:\/\/difrenos.com\/index.php\/wp-json\/wp\/v2\/pages"}],"about":[{"href":"https:\/\/difrenos.com\/index.php\/wp-json\/wp\/v2\/types\/page"}],"author":[{"embeddable":true,"href":"https:\/\/difrenos.com\/index.php\/wp-json\/wp\/v2\/users\/4"}],"replies":[{"embeddable":true,"href":"https:\/\/difrenos.com\/index.php\/wp-json\/wp\/v2\/comments?post=7806"}],"version-history":[{"count":2,"href":"https:\/\/difrenos.com\/index.php\/wp-json\/wp\/v2\/pages\/7806\/revisions"}],"predecessor-version":[{"id":9071,"href":"https:\/\/difrenos.com\/index.php\/wp-json\/wp\/v2\/pages\/7806\/revisions\/9071"}],"wp:attachment":[{"href":"https:\/\/difrenos.com\/index.php\/wp-json\/wp\/v2\/media?parent=7806"}],"curies":[{"name":"wp","href":"https:\/\/api.w.org\/{rel}","templated":true}]}}