{"id":7796,"date":"2023-04-12T11:06:21","date_gmt":"2023-04-12T11:06:21","guid":{"rendered":"https:\/\/difrenos.com\/?page_id=7796"},"modified":"2023-09-08T10:13:30","modified_gmt":"2023-09-08T10:13:30","slug":"sobre-nosotros-2","status":"publish","type":"page","link":"https:\/\/difrenos.com\/index.php\/sobre-nosotros-2\/","title":{"rendered":"Sobre nosotros"},"content":{"rendered":"<p>En Motos Difrenos llevamos m\u00e1s de cuarenta a\u00f1os dedicados a la venta y reparaci\u00f3n de motocicletas, especializados mayoritariamente trial y enduro,\u00a0 venta de accesorios, recambios y todo el equipamiento para la moto.<br \/>\nDesde el principio y siempre constantes en dar el mejor servicio y consejo personalizado a nuestros clientes de la mano de las mejores marcas del mercado.<\/p>\n<p>DATOS IDENTIFICATIVOS<\/p>\n<ul>\n<li>Nombre comercial: MOTOS DIFRENOS<\/li>\n<li>Raz\u00f3n Social: Racing Trial Team, S.L<\/li>\n<li>CIF: B81069890<\/li>\n<li>Domicilio: C\/ Gutierre de Cetina n\u00ba 26 Madrid 28017 Espa\u00f1a<\/li>\n<li>Tel\u00e9fono: 91 367 58 22<\/li>\n<li>Correo electr\u00f3nico: df@difrenos.com<\/li>\n<li>Inscripci\u00f3n Registro Mercantil: Tomo 9865, Libro 0, Folio 2, Hoja M-144231, Inscripci\u00f3n 1\u00aa<\/li>\n<\/ul>\n","protected":false},"excerpt":{"rendered":"<p>En Motos Difrenos llevamos m\u00e1s de cuarenta a\u00f1os dedicados a la venta y reparaci\u00f3n de motocicletas, especializados mayoritariamente trial y enduro,\u00a0 venta de accesorios, recambios y todo el equipamiento para la moto. Desde el principio y siempre constantes en dar el mejor servicio y consejo personalizado a nuestros clientes de la mano de las mejores [&hellip;]<\/p>\n","protected":false},"author":4,"featured_media":0,"parent":0,"menu_order":0,"comment_status":"closed","ping_status":"closed","template":"","meta":{"_et_pb_use_builder":"","_et_pb_old_content":"","_et_gb_content_width":""},"_links":{"self":[{"href":"https:\/\/difrenos.com\/index.php\/wp-json\/wp\/v2\/pages\/7796"}],"collection":[{"href":"https:\/\/difrenos.com\/index.php\/wp-json\/wp\/v2\/pages"}],"about":[{"href":"https:\/\/difrenos.com\/index.php\/wp-json\/wp\/v2\/types\/page"}],"author":[{"embeddable":true,"href":"https:\/\/difrenos.com\/index.php\/wp-json\/wp\/v2\/users\/4"}],"replies":[{"embeddable":true,"href":"https:\/\/difrenos.com\/index.php\/wp-json\/wp\/v2\/comments?post=7796"}],"version-history":[{"count":3,"href":"https:\/\/difrenos.com\/index.php\/wp-json\/wp\/v2\/pages\/7796\/revisions"}],"predecessor-version":[{"id":9075,"href":"https:\/\/difrenos.com\/index.php\/wp-json\/wp\/v2\/pages\/7796\/revisions\/9075"}],"wp:attachment":[{"href":"https:\/\/difrenos.com\/index.php\/wp-json\/wp\/v2\/media?parent=7796"}],"curies":[{"name":"wp","href":"https:\/\/api.w.org\/{rel}","templated":true}]}}